{"id":173,"date":"2025-05-05T16:55:16","date_gmt":"2025-05-05T13:55:16","guid":{"rendered":"https:\/\/guliverioakademija.lt\/?page_id=173"},"modified":"2025-08-12T21:46:31","modified_gmt":"2025-08-12T18:46:31","slug":"metodas","status":"publish","type":"page","link":"https:\/\/guliverioakademija.lt\/lt\/metodas\/","title":{"rendered":"Metodas"},"content":{"rendered":"\t\t<div data-elementor-type=\"wp-page\" data-elementor-id=\"173\" class=\"elementor elementor-173\" data-elementor-post-type=\"page\">\n\t\t\t\t<div class=\"elementor-element elementor-element-780b91e3 e-flex e-con-boxed e-con e-parent\" data-id=\"780b91e3\" data-element_type=\"container\" data-e-type=\"container\">\n\t\t\t\t\t<div class=\"e-con-inner\">\n\t\t\t\t<div class=\"elementor-element elementor-element-dacb01c elementor-widget elementor-widget-text-editor\" data-id=\"dacb01c\" data-element_type=\"widget\" data-e-type=\"widget\" data-widget_type=\"text-editor.default\">\n\t\t\t\t<div class=\"elementor-widget-container\">\n\t\t\t\t\t\t\t\t\t<h4><strong>Grupi\u0173 santyki\u0173 metodas<\/strong><\/h4><p data-start=\"1236\" data-end=\"2389\">Tai metodas, nagrin\u0117jantis, kaip \u017emon\u0117s s\u0105veikauja grup\u0117se, kokius vaidmenis jie prisiima, kaip grup\u0117s strukt\u016bros veikia elgsen\u0105 bei kok\u012f poveik\u012f grup\u0117s elgesys daro asmeniui ir kolektyvui. Abu m\u016bs\u0173 mokyklos vadovai studijavo Tavistock\u2018o \u017emogi\u0161k\u0173j\u0173 santyki\u0173 institute (Tavistock Institute of Human Relations) ir yra patyr\u0119 \u0161io metodo praktikai.<\/p><p data-start=\"1236\" data-end=\"2389\">Grupi\u0173 santyki\u0173 teorija taikoma visoje ugdymo programoje \u2013 tiek organizuojant mokyklos strukt\u016br\u0105, tiek vedant pamokas ar mokant socialini\u0173 \u012fg\u016bd\u017ei\u0173. Mokiniai \u012fgyja stiprius komandinio darbo ir grupinio bendradarbiavimo \u012fg\u016bd\u017eius ir ugdo emocin\u012f intelekt\u0105. Tikime, kad \u0161ie \u012fg\u016bd\u017eiai yra ypa\u010d svarb\u016bs individualistin\u0117je ir konkuruojan\u010dioje visuomen\u0117je. Siekiame, kad m\u016bs\u0173 absolventai b\u016bt\u0173 stipr\u016bs komandinio darbo, grupin\u0117s dinamikos, lyderyst\u0117s ir bendradarbiavimo srityse.<\/p><p data-start=\"1236\" data-end=\"2389\">\u00a0<\/p><h4 data-start=\"2391\" data-end=\"3985\"><strong>Dvikalbis ugdymas<\/strong><\/h4><p><span style=\"font-weight: 400;\">\u201eGuliverio akademijoje\u201c mokome ir lietuvi\u0173, ir angl\u0173 kalb\u0173 lyg gimt\u0173j\u0173. Siekiame, kad baigdami mokykl\u0105 mokiniai laisvai vartot\u0173 abi kalbas.<\/span><\/p><p><span style=\"font-weight: 400;\">Skaitmenin\u0117 aplinka lemia ankstyv\u0105 ir intensyv\u0173 vaik\u0173 kontakt\u0105 su angl\u0173 kalba, kuris, nors ir praple\u010dia kalbin\u012f lauk\u0105, gali daryti neigiam\u0105 poveik\u012f gimtosios kalbos vartosenai ir raidai. Siekdami i\u0161laikyti kalbin\u0119 pusiausvyr\u0105 ir ugdyti tvirtus lietuvi\u0173 kalbos pagrindus, pradinio ugdymo etape (1\u20136 klas\u0117se) daugiau d\u0117mesio skiriame lietuvi\u0173 kalbos ugdymui, o angl\u0173 kalbos mokome kryptingai ir kokybi\u0161kai.<\/span><\/p><p><span style=\"font-weight: 400;\">Pagrindinio ugdymo etape (7\u201310 klas\u0117se) skiriame vienod\u0105 d\u0117mes\u012f lietuvi\u0173 ir angl\u0173 kalb\u0173 mokymui, siekdami, kad mokiniai \u012fgyt\u0173 tvirtus abiej\u0173 kalb\u0173 vartojimo \u012fg\u016bd\u017eius.<\/span><\/p><p><span style=\"font-weight: 400;\">Vidurinio ugdymo etape (11\u201312 klas\u0117se) pagrindin\u0117 mokymo kalba yra angl\u0173, nes mokiniai ruo\u0161iasi baigiamiesiems angl\u0173 kalba vykdomiems egzaminams, b\u016btiniems \u012fgyti Vakar\u0173 Australijos \u0161vietimo pa\u017eym\u0117jim\u0105 (<\/span><span style=\"font-weight: 400;\">Western Australian Certificate of Education, <\/span><span style=\"font-weight: 400;\">WACE). Vis d\u0117lto lietuvi\u0173 kalba ir literat\u016bra lieka privalomas dalykas ir mokiniai laiko \u0161io dalyko valstybin\u012f brandos egzamin\u0105 (VBE).<\/span><\/p><p data-start=\"2391\" data-end=\"3985\">\u00a0<\/p><p data-start=\"2391\" data-end=\"3985\"><strong data-start=\"3721\" data-end=\"3733\">Pastaba:<\/strong> <span style=\"font-weight: 400;\">mokiniams, kuriems lietuvi\u0173 kalba n\u0117ra gimtoji, si\u016blome diferencijuot\u0105 lietuvi\u0173 kalbos ir literat\u016bros program\u0105.<\/span><\/p>\t\t\t\t\t\t\t\t<\/div>\n\t\t\t\t<\/div>\n\t\t\t\t\t<\/div>\n\t\t\t\t<\/div>\n\t\t\t\t<\/div>\n\t\t","protected":false},"excerpt":{"rendered":"<p>Grupi\u0173 santyki\u0173 teorija Grupi\u0173 santyki\u0173 teorija \u2013 tai studij\u0173 sritis, nagrin\u0117janti, kaip \u017emon\u0117s s\u0105veikauja grup\u0117se, kokius vaidmenis jie prisiima, kaip grup\u0117s strukt\u016bros veikia elgsen\u0105 bei kok\u012f poveik\u012f grupinis elgesys daro asmeniui ir kolektyvui. Abu m\u016bs\u0173 mokyklos vadovai studijavo Tavistock Institute (London) ir yra patyr\u0119 \u0161io modelio praktikai. Direktor\u0117 R\u016bta \u012fgijo psichoterapijos ir psichologinio konsultavimo magistro [&hellip;]<\/p>\n","protected":false},"author":137966491,"featured_media":0,"parent":0,"menu_order":0,"comment_status":"closed","ping_status":"closed","template":"","meta":{"_crdt_document":"","footnotes":""},"class_list":["post-173","page","type-page","status-publish","hentry"],"jetpack_likes_enabled":true,"jetpack_sharing_enabled":true,"jetpack_shortlink":"https:\/\/wp.me\/Pgq4VZ-2N","jetpack-related-posts":[{"id":711,"url":"https:\/\/guliverioakademija.lt\/lt\/mokyklos-vadovai\/","url_meta":{"origin":173,"position":0},"title":"vadovai","author":"Jonas Gustainis","date":"2025-06-20","format":false,"excerpt":"Nuo kabineto iki klas\u0117s \u201eGuliverio akademija\u201c buvo \u012fkurta 2017 m. dviej\u0173 profesional\u0173 \u2013 Stephen\u2019o George\u2019o Lee ir R\u016btos Gustainien\u0117s \u2013 siekiant sukurti mokykl\u0105, kurioje vaikai augt\u0173 kaip savaranki\u0161ki, m\u0105stantys ir atsakingi mokiniai. Abu \u012fk\u016br\u0117jai aktyviai vadovauja mokyklai \u2013 ne tik priima strateginius sprendimus, bet ir dalyvauja ugdymo procese: moko, konsultuoja,\u2026","rel":"","context":"Similar post","block_context":{"text":"Similar post","link":""},"img":{"alt_text":"","src":"https:\/\/i0.wp.com\/guliverioakademija.lt\/wp-content\/uploads\/2025\/06\/DSC3123-1024x683.jpg?resize=350%2C200&ssl=1","width":350,"height":200,"srcset":"https:\/\/i0.wp.com\/guliverioakademija.lt\/wp-content\/uploads\/2025\/06\/DSC3123-1024x683.jpg?resize=350%2C200&ssl=1 1x, https:\/\/i0.wp.com\/guliverioakademija.lt\/wp-content\/uploads\/2025\/06\/DSC3123-1024x683.jpg?resize=525%2C300&ssl=1 1.5x, https:\/\/i0.wp.com\/guliverioakademija.lt\/wp-content\/uploads\/2025\/06\/DSC3123-1024x683.jpg?resize=700%2C400&ssl=1 2x"},"classes":[]},{"id":383,"url":"https:\/\/guliverioakademija.lt\/lt\/priemimas-2\/","url_meta":{"origin":173,"position":1},"title":"Pri\u0117mimas","author":"Jonas Gustainis","date":"2025-05-22","format":false,"excerpt":"Atraskite kitoki\u0105 mokykl\u0105 \u00a0 D\u017eiaugiam\u0117s, kad domit\u0117s m\u016bs\u0173 mokykla. Esame \u0161iuolaiki\u0161ka tarptautin\u0117 mokykla Vilniuje, kurioje susijungia Australijos ir Lietuvos \u0161vietimo patirtys. Dvikalbis ugdymas, emocinio intelekto lavinimas ir kokybi\u0161kas mokymas padeda mums ruo\u0161ti mokinius ne tik akademiniams pasiekimams, bet ir gyvenimui. Mokinius priimame visus metus ir nuo pirmojo kontakto siekiame, kad\u2026","rel":"","context":"Similar post","block_context":{"text":"Similar post","link":""},"img":{"alt_text":"","src":"https:\/\/i0.wp.com\/guliverioakademija.lt\/wp-content\/uploads\/2025\/05\/Screenshot-2025-05-24-at-9.23.58%E2%80%AFPM.png?resize=350%2C200&ssl=1","width":350,"height":200,"srcset":"https:\/\/i0.wp.com\/guliverioakademija.lt\/wp-content\/uploads\/2025\/05\/Screenshot-2025-05-24-at-9.23.58%E2%80%AFPM.png?resize=350%2C200&ssl=1 1x, https:\/\/i0.wp.com\/guliverioakademija.lt\/wp-content\/uploads\/2025\/05\/Screenshot-2025-05-24-at-9.23.58%E2%80%AFPM.png?resize=525%2C300&ssl=1 1.5x"},"classes":[]},{"id":147,"url":"https:\/\/guliverioakademija.lt\/lt\/","url_meta":{"origin":173,"position":2},"title":"Home LT","author":"Jonas Gustainis","date":"2025-05-05","format":false,"excerpt":"Guliverio akademija - Australijos tarptautin\u0117 mokykla Vilniuje Vertyb\u0117s mus vienija, o pa\u017einimas \u012fkvepia\u201eGuliverio akademija\u201c \u2013 tai Vakar\u0173 Australijos tarptautin\u0117 mokykla Vilniuje. Tai privati mokykla, kurioje modernus po\u017ei\u016bris \u012f mokym\u0105si dera su pozityvi\u0105ja psichologija ir dvikalbiu ugdymu.Remdamiesi Tavistock\u2019o grupi\u0173 santyki\u0173 modeliu, ugdome mokini\u0173 geb\u0117jim\u0105 bendradarbiauti, stipriname emocin\u012f intelekt\u0105 ir skatiname s\u0105moningum\u0105.\u2026","rel":"","context":"Similar post","block_context":{"text":"Similar post","link":""},"img":{"alt_text":"Stephen Lee R\u016bta Gustainien\u0117 vilnius international school","src":"https:\/\/i0.wp.com\/guliverioakademija.lt\/wp-content\/uploads\/2025\/06\/direktoriai.jpg?resize=350%2C200&ssl=1","width":350,"height":200,"srcset":"https:\/\/i0.wp.com\/guliverioakademija.lt\/wp-content\/uploads\/2025\/06\/direktoriai.jpg?resize=350%2C200&ssl=1 1x, https:\/\/i0.wp.com\/guliverioakademija.lt\/wp-content\/uploads\/2025\/06\/direktoriai.jpg?resize=525%2C300&ssl=1 1.5x, https:\/\/i0.wp.com\/guliverioakademija.lt\/wp-content\/uploads\/2025\/06\/direktoriai.jpg?resize=700%2C400&ssl=1 2x"},"classes":[]},{"id":985,"url":"https:\/\/guliverioakademija.lt\/lt\/karjera\/","url_meta":{"origin":173,"position":3},"title":"Karjera","author":"Jonas Gustainis","date":"2025-11-06","format":false,"excerpt":"Mokymo galimyb\u0117s Prisijunkite prie unikalios tarptautin\u0117s \u0161vietimo organizacijos, kurioje pedagogai turi galimyb\u0119 augti ir tobul\u0117ti dirbdami pagal moderni\u0105, \u012f vaik\u0105 orientuot\u0105 ir tyrimais pagr\u012fst\u0105 Australijos ugdymo sistem\u0105. M\u016bs\u0173 po\u017ei\u016bris \u012f mokym\u0105:\u2022 Moksliniais tyrimais pagr\u012fsta pedagogika, orientuota \u012f vaiko individualius geb\u0117jimus ir savaranki\u0161kum\u0105.\u2022 Dvikalbis ugdymas \u2013 lietuvi\u0173 ir angl\u0173 kalbos laikomos\u2026","rel":"","context":"Similar post","block_context":{"text":"Similar post","link":""},"img":{"alt_text":"laisvas darbo stalas - tuscia kede","src":"https:\/\/i0.wp.com\/guliverioakademija.lt\/wp-content\/uploads\/2025\/11\/DSC2637-1024x683.jpg?resize=350%2C200&ssl=1","width":350,"height":200,"srcset":"https:\/\/i0.wp.com\/guliverioakademija.lt\/wp-content\/uploads\/2025\/11\/DSC2637-1024x683.jpg?resize=350%2C200&ssl=1 1x, https:\/\/i0.wp.com\/guliverioakademija.lt\/wp-content\/uploads\/2025\/11\/DSC2637-1024x683.jpg?resize=525%2C300&ssl=1 1.5x, https:\/\/i0.wp.com\/guliverioakademija.lt\/wp-content\/uploads\/2025\/11\/DSC2637-1024x683.jpg?resize=700%2C400&ssl=1 2x"},"classes":[]},{"id":58,"url":"https:\/\/guliverioakademija.lt\/lt\/vertybes\/","url_meta":{"origin":173,"position":4},"title":"Vertyb\u0117s","author":"Jonas Gustainis","date":"2025-04-01","format":false,"excerpt":"\u201eGuliverio akademijos\u201c bendruomen\u0119 jungia ai\u0161k\u016bs principai, padedantys kiekvienam mokiniui augti ir tobul\u0117ti. Remiam\u0117s Australijos ir Lietuvos kult\u016briniu paveldu \u2013 jis ugdo atkaklum\u0105, k\u016brybi\u0161kum\u0105 ir atsakomyb\u0117s jausm\u0105. Kuriame mokymosi kult\u016br\u0105, pagr\u012fst\u0105 \u0161iomis vertyb\u0117mis: PagarbaElgiam\u0117s r\u016bpestingai, nuo\u0161ird\u017eiai ir atsakingai. Gerbiame skirtingas nuomones, kuriame saugi\u0105 ir atvir\u0105 aplink\u0105, kur kiekvienas jau\u010diasi matomas ir\u2026","rel":"","context":"Similar post","block_context":{"text":"Similar post","link":""},"img":{"alt_text":"","src":"https:\/\/i0.wp.com\/guliverioakademija.lt\/wp-content\/uploads\/2025\/06\/DSC3149-1024x683.jpg?resize=350%2C200&ssl=1","width":350,"height":200,"srcset":"https:\/\/i0.wp.com\/guliverioakademija.lt\/wp-content\/uploads\/2025\/06\/DSC3149-1024x683.jpg?resize=350%2C200&ssl=1 1x, https:\/\/i0.wp.com\/guliverioakademija.lt\/wp-content\/uploads\/2025\/06\/DSC3149-1024x683.jpg?resize=525%2C300&ssl=1 1.5x, https:\/\/i0.wp.com\/guliverioakademija.lt\/wp-content\/uploads\/2025\/06\/DSC3149-1024x683.jpg?resize=700%2C400&ssl=1 2x"},"classes":[]},{"id":664,"url":"https:\/\/guliverioakademija.lt\/lt\/privatumo-politika\/","url_meta":{"origin":173,"position":5},"title":"Privatumo politika","author":"Jonas Gustainis","date":"2025-06-19","format":false,"excerpt":"Galioja nuo: 2025-06-19 Paskutin\u012f kart\u0105 atnaujinta: 2025-06-19 \u0160iame dokumente pateikiama informacija apie tai, kaip UAB \u201eGuliverio akademija\u201c, \u012fmon\u0117s kodas: 304493294, buvein\u0117s adresas: Gedimino pr. 12, Vilnius, Lietuva (toliau \u2013 Mokykla, mes, duomen\u0173 valdytojas) tvarko asmens duomenis laikydamasi Bendrojo duomen\u0173 apsaugos reglamento (BDAR) ir kit\u0173 taikom\u0173 teis\u0117s akt\u0173. 1. Kokiais tikslais\u2026","rel":"","context":"Similar post","block_context":{"text":"Similar post","link":""},"img":{"alt_text":"","src":"","width":0,"height":0},"classes":[]}],"_links":{"self":[{"href":"https:\/\/guliverioakademija.lt\/lt\/wp-json\/wp\/v2\/pages\/173","targetHints":{"allow":["GET"]}}],"collection":[{"href":"https:\/\/guliverioakademija.lt\/lt\/wp-json\/wp\/v2\/pages"}],"about":[{"href":"https:\/\/guliverioakademija.lt\/lt\/wp-json\/wp\/v2\/types\/page"}],"author":[{"embeddable":true,"href":"https:\/\/guliverioakademija.lt\/lt\/wp-json\/wp\/v2\/users\/137966491"}],"replies":[{"embeddable":true,"href":"https:\/\/guliverioakademija.lt\/lt\/wp-json\/wp\/v2\/comments?post=173"}],"version-history":[{"count":43,"href":"https:\/\/guliverioakademija.lt\/lt\/wp-json\/wp\/v2\/pages\/173\/revisions"}],"predecessor-version":[{"id":879,"href":"https:\/\/guliverioakademija.lt\/lt\/wp-json\/wp\/v2\/pages\/173\/revisions\/879"}],"wp:attachment":[{"href":"https:\/\/guliverioakademija.lt\/lt\/wp-json\/wp\/v2\/media?parent=173"}],"curies":[{"name":"wp","href":"https:\/\/api.w.org\/{rel}","templated":true}]}}