{"id":163,"date":"2025-05-05T16:38:08","date_gmt":"2025-05-05T13:38:08","guid":{"rendered":"https:\/\/guliverioakademija.lt\/?page_id=163"},"modified":"2025-08-12T21:39:28","modified_gmt":"2025-08-12T18:39:28","slug":"programa","status":"publish","type":"page","link":"https:\/\/guliverioakademija.lt\/lt\/programa\/","title":{"rendered":"Programa"},"content":{"rendered":"\t\t<div data-elementor-type=\"wp-page\" data-elementor-id=\"163\" class=\"elementor elementor-163\" data-elementor-post-type=\"page\">\n\t\t\t\t<div class=\"elementor-element elementor-element-04020b5 e-flex e-con-boxed e-con e-parent\" data-id=\"04020b5\" data-element_type=\"container\" data-e-type=\"container\">\n\t\t\t\t\t<div class=\"e-con-inner\">\n\t\t\t\t<div class=\"elementor-element elementor-element-5fffaba elementor-widget elementor-widget-image\" data-id=\"5fffaba\" data-element_type=\"widget\" data-e-type=\"widget\" data-widget_type=\"image.default\">\n\t\t\t\t<div class=\"elementor-widget-container\">\n\t\t\t\t\t\t\t\t\t\t\t\t\t\t\t<img fetchpriority=\"high\" decoding=\"async\" data-attachment-id=\"612\" data-permalink=\"https:\/\/guliverioakademija.lt\/lt\/programa\/_dsc2490\/\" data-orig-file=\"https:\/\/i0.wp.com\/guliverioakademija.lt\/wp-content\/uploads\/2025\/06\/DSC2490.jpg?fit=6000%2C4000&amp;ssl=1\" data-orig-size=\"6000,4000\" data-comments-opened=\"1\" data-image-meta=\"{&quot;aperture&quot;:&quot;4&quot;,&quot;credit&quot;:&quot;&quot;,&quot;camera&quot;:&quot;ILCE-7M3&quot;,&quot;caption&quot;:&quot;&quot;,&quot;created_timestamp&quot;:&quot;1748864472&quot;,&quot;copyright&quot;:&quot;&quot;,&quot;focal_length&quot;:&quot;33&quot;,&quot;iso&quot;:&quot;2000&quot;,&quot;shutter_speed&quot;:&quot;0.00625&quot;,&quot;title&quot;:&quot;&quot;,&quot;orientation&quot;:&quot;1&quot;}\" data-image-title=\"_DSC2490\" data-image-description=\"\" data-image-caption=\"\" data-large-file=\"https:\/\/i0.wp.com\/guliverioakademija.lt\/wp-content\/uploads\/2025\/06\/DSC2490.jpg?fit=800%2C534&amp;ssl=1\" width=\"800\" height=\"534\" src=\"https:\/\/i0.wp.com\/guliverioakademija.lt\/wp-content\/uploads\/2025\/06\/DSC2490.jpg?fit=800%2C534&amp;ssl=1\" class=\"attachment-large size-large wp-image-612\" alt=\"\" srcset=\"https:\/\/i0.wp.com\/guliverioakademija.lt\/wp-content\/uploads\/2025\/06\/DSC2490.jpg?w=6000&amp;ssl=1 6000w, https:\/\/i0.wp.com\/guliverioakademija.lt\/wp-content\/uploads\/2025\/06\/DSC2490.jpg?resize=300%2C200&amp;ssl=1 300w, https:\/\/i0.wp.com\/guliverioakademija.lt\/wp-content\/uploads\/2025\/06\/DSC2490.jpg?resize=1024%2C683&amp;ssl=1 1024w, https:\/\/i0.wp.com\/guliverioakademija.lt\/wp-content\/uploads\/2025\/06\/DSC2490.jpg?resize=768%2C512&amp;ssl=1 768w, https:\/\/i0.wp.com\/guliverioakademija.lt\/wp-content\/uploads\/2025\/06\/DSC2490.jpg?resize=1536%2C1024&amp;ssl=1 1536w, https:\/\/i0.wp.com\/guliverioakademija.lt\/wp-content\/uploads\/2025\/06\/DSC2490.jpg?resize=2048%2C1365&amp;ssl=1 2048w, https:\/\/i0.wp.com\/guliverioakademija.lt\/wp-content\/uploads\/2025\/06\/DSC2490.jpg?w=1600&amp;ssl=1 1600w, https:\/\/i0.wp.com\/guliverioakademija.lt\/wp-content\/uploads\/2025\/06\/DSC2490.jpg?w=2400&amp;ssl=1 2400w\" sizes=\"(max-width: 800px) 100vw, 800px\" data-attachment-id=\"612\" data-permalink=\"https:\/\/guliverioakademija.lt\/lt\/programa\/_dsc2490\/\" data-orig-file=\"https:\/\/i0.wp.com\/guliverioakademija.lt\/wp-content\/uploads\/2025\/06\/DSC2490.jpg?fit=6000%2C4000&amp;ssl=1\" data-orig-size=\"6000,4000\" data-comments-opened=\"1\" data-image-meta=\"{&quot;aperture&quot;:&quot;4&quot;,&quot;credit&quot;:&quot;&quot;,&quot;camera&quot;:&quot;ILCE-7M3&quot;,&quot;caption&quot;:&quot;&quot;,&quot;created_timestamp&quot;:&quot;1748864472&quot;,&quot;copyright&quot;:&quot;&quot;,&quot;focal_length&quot;:&quot;33&quot;,&quot;iso&quot;:&quot;2000&quot;,&quot;shutter_speed&quot;:&quot;0.00625&quot;,&quot;title&quot;:&quot;&quot;,&quot;orientation&quot;:&quot;1&quot;}\" data-image-title=\"_DSC2490\" data-image-description=\"\" data-image-caption=\"\" data-large-file=\"https:\/\/i0.wp.com\/guliverioakademija.lt\/wp-content\/uploads\/2025\/06\/DSC2490.jpg?fit=800%2C534&amp;ssl=1\" \/>\t\t\t\t\t\t\t\t\t\t\t\t\t\t\t<\/div>\n\t\t\t\t<\/div>\n\t\t\t\t<div class=\"elementor-element elementor-element-1ce6d0e elementor-widget elementor-widget-text-editor\" data-id=\"1ce6d0e\" data-element_type=\"widget\" data-e-type=\"widget\" data-widget_type=\"text-editor.default\">\n\t\t\t\t<div class=\"elementor-widget-container\">\n\t\t\t\t\t\t\t\t\t<h4><span style=\"color: #0f699a;\">Dvikalb\u0117<\/span><span style=\"color: #0f699a;\"> kelion\u0117 \u017einiomis \u2013 nuo Lietuvos \u0161akn\u0173 iki pasaulio horizont\u0173<\/span><\/h4>\t\t\t\t\t\t\t\t<\/div>\n\t\t\t\t<\/div>\n\t\t\t\t<div class=\"elementor-element elementor-element-f29244a elementor-widget elementor-widget-image\" data-id=\"f29244a\" data-element_type=\"widget\" data-e-type=\"widget\" data-widget_type=\"image.default\">\n\t\t\t\t<div class=\"elementor-widget-container\">\n\t\t\t\t\t\t\t\t\t\t\t\t\t\t\t<img decoding=\"async\" data-attachment-id=\"868\" data-permalink=\"https:\/\/guliverioakademija.lt\/lt\/programa\/picture1\/\" data-orig-file=\"https:\/\/i0.wp.com\/guliverioakademija.lt\/wp-content\/uploads\/2025\/08\/Picture1.png?fit=602%2C133&amp;ssl=1\" data-orig-size=\"602,133\" data-comments-opened=\"1\" data-image-meta=\"{&quot;aperture&quot;:&quot;0&quot;,&quot;credit&quot;:&quot;&quot;,&quot;camera&quot;:&quot;&quot;,&quot;caption&quot;:&quot;&quot;,&quot;created_timestamp&quot;:&quot;0&quot;,&quot;copyright&quot;:&quot;&quot;,&quot;focal_length&quot;:&quot;0&quot;,&quot;iso&quot;:&quot;0&quot;,&quot;shutter_speed&quot;:&quot;0&quot;,&quot;title&quot;:&quot;&quot;,&quot;orientation&quot;:&quot;0&quot;}\" data-image-title=\"Picture1\" data-image-description=\"\" data-image-caption=\"\" data-large-file=\"https:\/\/i0.wp.com\/guliverioakademija.lt\/wp-content\/uploads\/2025\/08\/Picture1.png?fit=602%2C133&amp;ssl=1\" width=\"602\" height=\"133\" src=\"https:\/\/i0.wp.com\/guliverioakademija.lt\/wp-content\/uploads\/2025\/08\/Picture1.png?fit=602%2C133&amp;ssl=1\" class=\"attachment-large size-large wp-image-868\" alt=\"\" srcset=\"https:\/\/i0.wp.com\/guliverioakademija.lt\/wp-content\/uploads\/2025\/08\/Picture1.png?w=602&amp;ssl=1 602w, https:\/\/i0.wp.com\/guliverioakademija.lt\/wp-content\/uploads\/2025\/08\/Picture1.png?resize=300%2C66&amp;ssl=1 300w\" sizes=\"(max-width: 602px) 100vw, 602px\" data-attachment-id=\"868\" data-permalink=\"https:\/\/guliverioakademija.lt\/lt\/programa\/picture1\/\" data-orig-file=\"https:\/\/i0.wp.com\/guliverioakademija.lt\/wp-content\/uploads\/2025\/08\/Picture1.png?fit=602%2C133&amp;ssl=1\" data-orig-size=\"602,133\" data-comments-opened=\"1\" data-image-meta=\"{&quot;aperture&quot;:&quot;0&quot;,&quot;credit&quot;:&quot;&quot;,&quot;camera&quot;:&quot;&quot;,&quot;caption&quot;:&quot;&quot;,&quot;created_timestamp&quot;:&quot;0&quot;,&quot;copyright&quot;:&quot;&quot;,&quot;focal_length&quot;:&quot;0&quot;,&quot;iso&quot;:&quot;0&quot;,&quot;shutter_speed&quot;:&quot;0&quot;,&quot;title&quot;:&quot;&quot;,&quot;orientation&quot;:&quot;0&quot;}\" data-image-title=\"Picture1\" data-image-description=\"\" data-image-caption=\"\" data-large-file=\"https:\/\/i0.wp.com\/guliverioakademija.lt\/wp-content\/uploads\/2025\/08\/Picture1.png?fit=602%2C133&amp;ssl=1\" \/>\t\t\t\t\t\t\t\t\t\t\t\t\t\t\t<\/div>\n\t\t\t\t<\/div>\n\t\t\t\t<div class=\"elementor-element elementor-element-7045e84 elementor-widget elementor-widget-text-editor\" data-id=\"7045e84\" data-element_type=\"widget\" data-e-type=\"widget\" data-widget_type=\"text-editor.default\">\n\t\t\t\t<div class=\"elementor-widget-container\">\n\t\t\t\t\t\t\t\t\t<p><strong data-start=\"69\" data-end=\"92\">Pagrindin\u0117 programa<\/strong><\/p><p>Ilgiau nei numatyta Lietuvos \u0161vietimo sistemoje trunkanti \u201eGuliverio akademijos\u201d pradinio ugdymo programa suteikia tvirtus pagrindus tolesniam specializuot\u0173 dalyk\u0173 mokymuisi pagrindinio ugdymo etape.Pri\u0117mimus \u012f visas klases vykdome nuo rugs\u0117jo 1 d. arba met\u0173 eigoje, individualiai \u012fvertinus kiekvien\u0105 atvej\u012f.<\/p><p>Pri\u0117mimai \u012f visas klases vyksta nuo rugs\u0117jo 1 d. arba met\u0173 eigoje, atsi\u017evelgiant \u012f kiekvieno mokinio individualias aplinkybes.<\/p><p>M\u016bs\u0173 ugdymo programa vykdoma laikantis Vakar\u0173 Australijos \u0161vietimo programos, kuri\u0105 kuruoja Vakar\u0173 Australijos ugdymo program\u0173 ir standart\u0173 tarnyba (School Curriculum and Standards Authority), reikalavim\u0173. Nors \u201eGuliverio akademija\u201c veikia Vilniuje, m\u016bs\u0173 mokiniai yra oficial\u016bs Australijos \u0161vietimo sistemos nariai, registruoti tarptautin\u0117je Australijos mokykloje Vilniuje. Programa parengta pagal \u0161iuolaikinius ugdymo principus bendradarbiaujant su mokytojais praktikais. Joje integruotai mokoma lietuvi\u0173 kalbos, istorijos ir kult\u016bros.Lietuvi\u0173 kalba, istorija ir kult\u016bra integruojamos \u012f Australijos mokymo program\u0105.<\/p>\t\t\t\t\t\t\t\t<\/div>\n\t\t\t\t<\/div>\n\t\t\t\t<div class=\"elementor-element elementor-element-6f091a7 elementor-widget elementor-widget-image\" data-id=\"6f091a7\" data-element_type=\"widget\" data-e-type=\"widget\" data-widget_type=\"image.default\">\n\t\t\t\t<div class=\"elementor-widget-container\">\n\t\t\t\t\t\t\t\t\t\t\t\t\t\t\t<img decoding=\"async\" data-attachment-id=\"166\" data-permalink=\"https:\/\/guliverioakademija.lt\/lt\/aaab\/\" data-orig-file=\"https:\/\/i0.wp.com\/guliverioakademija.lt\/wp-content\/uploads\/2025\/05\/aaab.jpg?fit=364%2C409&amp;ssl=1\" data-orig-size=\"364,409\" data-comments-opened=\"1\" data-image-meta=\"{&quot;aperture&quot;:&quot;0&quot;,&quot;credit&quot;:&quot;&quot;,&quot;camera&quot;:&quot;&quot;,&quot;caption&quot;:&quot;&quot;,&quot;created_timestamp&quot;:&quot;0&quot;,&quot;copyright&quot;:&quot;&quot;,&quot;focal_length&quot;:&quot;0&quot;,&quot;iso&quot;:&quot;0&quot;,&quot;shutter_speed&quot;:&quot;0&quot;,&quot;title&quot;:&quot;&quot;,&quot;orientation&quot;:&quot;0&quot;}\" data-image-title=\"aaab\" data-image-description=\"\" data-image-caption=\"\" data-large-file=\"https:\/\/i0.wp.com\/guliverioakademija.lt\/wp-content\/uploads\/2025\/05\/aaab.jpg?fit=364%2C409&amp;ssl=1\" width=\"364\" height=\"409\" src=\"https:\/\/i0.wp.com\/guliverioakademija.lt\/wp-content\/uploads\/2025\/05\/aaab.jpg?fit=364%2C409&amp;ssl=1\" class=\"attachment-large size-large wp-image-166\" alt=\"\" srcset=\"https:\/\/i0.wp.com\/guliverioakademija.lt\/wp-content\/uploads\/2025\/05\/aaab.jpg?w=364&amp;ssl=1 364w, https:\/\/i0.wp.com\/guliverioakademija.lt\/wp-content\/uploads\/2025\/05\/aaab.jpg?resize=267%2C300&amp;ssl=1 267w\" sizes=\"(max-width: 364px) 100vw, 364px\" data-attachment-id=\"166\" data-permalink=\"https:\/\/guliverioakademija.lt\/lt\/aaab\/\" data-orig-file=\"https:\/\/i0.wp.com\/guliverioakademija.lt\/wp-content\/uploads\/2025\/05\/aaab.jpg?fit=364%2C409&amp;ssl=1\" data-orig-size=\"364,409\" data-comments-opened=\"1\" data-image-meta=\"{&quot;aperture&quot;:&quot;0&quot;,&quot;credit&quot;:&quot;&quot;,&quot;camera&quot;:&quot;&quot;,&quot;caption&quot;:&quot;&quot;,&quot;created_timestamp&quot;:&quot;0&quot;,&quot;copyright&quot;:&quot;&quot;,&quot;focal_length&quot;:&quot;0&quot;,&quot;iso&quot;:&quot;0&quot;,&quot;shutter_speed&quot;:&quot;0&quot;,&quot;title&quot;:&quot;&quot;,&quot;orientation&quot;:&quot;0&quot;}\" data-image-title=\"aaab\" data-image-description=\"\" data-image-caption=\"\" data-large-file=\"https:\/\/i0.wp.com\/guliverioakademija.lt\/wp-content\/uploads\/2025\/05\/aaab.jpg?fit=364%2C409&amp;ssl=1\" \/>\t\t\t\t\t\t\t\t\t\t\t\t\t\t\t<\/div>\n\t\t\t\t<\/div>\n\t\t\t\t\t<\/div>\n\t\t\t\t<\/div>\n\t\t<div class=\"elementor-element elementor-element-1997032 e-flex e-con-boxed e-con e-parent\" data-id=\"1997032\" data-element_type=\"container\" data-e-type=\"container\">\n\t\t\t\t\t<div class=\"e-con-inner\">\n\t\t\t\t<div class=\"elementor-element elementor-element-245ed5b elementor-widget elementor-widget-text-editor\" data-id=\"245ed5b\" data-element_type=\"widget\" data-e-type=\"widget\" data-widget_type=\"text-editor.default\">\n\t\t\t\t<div class=\"elementor-widget-container\">\n\t\t\t\t\t\t\t\t\t<p class=\"\" data-start=\"944\" data-end=\"1234\"><strong data-start=\"944\" data-end=\"959\">Dvikalbyst\u0117<\/strong><\/p><p class=\"\" data-start=\"944\" data-end=\"1234\">2024\u20132025 mokslo met\u0173 prad\u017eioje Vakar\u0173 Australijos \u0161vietimo departamentas suteik\u0117 \u201eGuliverio akademijai\u201c akreditacij\u0105 tapti Vakar\u0173 Australijos tarptautine mokykla. Lietuvos \u0161vietimo, mokslo ir sporto ministerija leido vykdyti Vakar\u0173 Australijos pradinio, pagrindinio ir vidurinio ugdymo programas 1\u201312 klas\u0117ms. Kaip tarptautin\u0117 mokykla, \u012fgyvendiname dvikalb\u012f ugdym\u0105 lietuvi\u0173 ir angl\u0173 kalbomis.<\/p><p class=\"\" data-start=\"1236\" data-end=\"2389\"><a href=\"https:\/\/international-schools.scsa.wa.edu.au\/\" target=\"_blank\" rel=\"noopener\"><b>Kvie\u010diame pla\u010diau susipa\u017einti su tarpautine Australijos programa \u010dia.<\/b><\/a><\/p>\t\t\t\t\t\t\t\t<\/div>\n\t\t\t\t<\/div>\n\t\t\t\t\t<\/div>\n\t\t\t\t<\/div>\n\t\t<div class=\"elementor-element elementor-element-7ac21d8 e-flex e-con-boxed e-con e-parent\" data-id=\"7ac21d8\" data-element_type=\"container\" data-e-type=\"container\" data-settings=\"{&quot;background_background&quot;:&quot;classic&quot;}\">\n\t\t\t\t\t<div class=\"e-con-inner\">\n\t\t\t\t<div class=\"elementor-element elementor-element-9c53498 elementor-widget elementor-widget-image\" data-id=\"9c53498\" data-element_type=\"widget\" data-e-type=\"widget\" data-widget_type=\"image.default\">\n\t\t\t\t<div class=\"elementor-widget-container\">\n\t\t\t\t\t\t\t\t\t\t\t\t\t\t\t\t<a href=\"https:\/\/international-schools.scsa.wa.edu.au\/\" target=\"_blank\" rel=\"noopener\">\n\t\t\t\t\t\t\t<img loading=\"lazy\" decoding=\"async\" data-attachment-id=\"432\" data-permalink=\"https:\/\/guliverioakademija.lt\/lt\/programa\/screenshot-2025-05-24-at-9-23-58-pm\/\" data-orig-file=\"https:\/\/i0.wp.com\/guliverioakademija.lt\/wp-content\/uploads\/2025\/05\/Screenshot-2025-05-24-at-9.23.58%E2%80%AFPM.png?fit=608%2C418&amp;ssl=1\" data-orig-size=\"608,418\" data-comments-opened=\"1\" data-image-meta=\"{&quot;aperture&quot;:&quot;0&quot;,&quot;credit&quot;:&quot;&quot;,&quot;camera&quot;:&quot;&quot;,&quot;caption&quot;:&quot;&quot;,&quot;created_timestamp&quot;:&quot;0&quot;,&quot;copyright&quot;:&quot;&quot;,&quot;focal_length&quot;:&quot;0&quot;,&quot;iso&quot;:&quot;0&quot;,&quot;shutter_speed&quot;:&quot;0&quot;,&quot;title&quot;:&quot;&quot;,&quot;orientation&quot;:&quot;0&quot;}\" data-image-title=\"Screenshot 2025-05-24 at 9.23.58\u202fPM\" data-image-description=\"\" data-image-caption=\"\" data-large-file=\"https:\/\/i0.wp.com\/guliverioakademija.lt\/wp-content\/uploads\/2025\/05\/Screenshot-2025-05-24-at-9.23.58%E2%80%AFPM.png?fit=608%2C418&amp;ssl=1\" width=\"608\" height=\"418\" src=\"https:\/\/i0.wp.com\/guliverioakademija.lt\/wp-content\/uploads\/2025\/05\/Screenshot-2025-05-24-at-9.23.58%E2%80%AFPM.png?fit=608%2C418&amp;ssl=1\" class=\"attachment-large size-large wp-image-432\" alt=\"\" data-attachment-id=\"432\" data-permalink=\"https:\/\/guliverioakademija.lt\/lt\/programa\/screenshot-2025-05-24-at-9-23-58-pm\/\" data-orig-file=\"https:\/\/i0.wp.com\/guliverioakademija.lt\/wp-content\/uploads\/2025\/05\/Screenshot-2025-05-24-at-9.23.58%E2%80%AFPM.png?fit=608%2C418&amp;ssl=1\" data-orig-size=\"608,418\" data-comments-opened=\"1\" data-image-meta=\"{&quot;aperture&quot;:&quot;0&quot;,&quot;credit&quot;:&quot;&quot;,&quot;camera&quot;:&quot;&quot;,&quot;caption&quot;:&quot;&quot;,&quot;created_timestamp&quot;:&quot;0&quot;,&quot;copyright&quot;:&quot;&quot;,&quot;focal_length&quot;:&quot;0&quot;,&quot;iso&quot;:&quot;0&quot;,&quot;shutter_speed&quot;:&quot;0&quot;,&quot;title&quot;:&quot;&quot;,&quot;orientation&quot;:&quot;0&quot;}\" data-image-title=\"Screenshot 2025-05-24 at 9.23.58\u202fPM\" data-image-description=\"\" data-image-caption=\"\" data-large-file=\"https:\/\/i0.wp.com\/guliverioakademija.lt\/wp-content\/uploads\/2025\/05\/Screenshot-2025-05-24-at-9.23.58%E2%80%AFPM.png?fit=608%2C418&amp;ssl=1\" \/>\t\t\t\t\t\t\t\t<\/a>\n\t\t\t\t\t\t\t\t\t\t\t\t\t\t\t<\/div>\n\t\t\t\t<\/div>\n\t\t\t\t\t<\/div>\n\t\t\t\t<\/div>\n\t\t\t\t<\/div>\n\t\t","protected":false},"excerpt":{"rendered":"<p>Dvikalb\u0117 kelion\u0117 \u017einiomis \u2013 nuo Lietuvos \u0161akn\u0173 iki pasaulio horizont\u0173 Pagrindin\u0117 programa Ilgiau nei numatyta Lietuvos \u0161vietimo sistemoje trunkanti \u201eGuliverio akademijos\u201d pradinio ugdymo programa suteikia tvirtus pagrindus tolesniam specializuot\u0173 dalyk\u0173 mokymuisi pagrindinio ugdymo etape.Pri\u0117mimus \u012f visas klases vykdome nuo rugs\u0117jo 1 d. arba met\u0173 eigoje, individualiai \u012fvertinus kiekvien\u0105 atvej\u012f. Pri\u0117mimai \u012f visas klases vyksta nuo [&hellip;]<\/p>\n","protected":false},"author":137966491,"featured_media":0,"parent":0,"menu_order":0,"comment_status":"closed","ping_status":"closed","template":"","meta":{"_crdt_document":"","jetpack_post_was_ever_published":false,"footnotes":""},"class_list":["post-163","page","type-page","status-publish","hentry"],"jetpack_likes_enabled":true,"jetpack_sharing_enabled":true,"jetpack_shortlink":"https:\/\/wp.me\/Pgq4VZ-2D","jetpack-related-posts":[{"id":147,"url":"https:\/\/guliverioakademija.lt\/lt\/","url_meta":{"origin":163,"position":0},"title":"Home LT","author":"Jonas Gustainis","date":"2025-05-05","format":false,"excerpt":"Guliverio akademija - Australijos tarptautin\u0117 mokykla Vilniuje Vertyb\u0117s mus vienija, o pa\u017einimas \u012fkvepia\u201eGuliverio akademija\u201c \u2013 tai Vakar\u0173 Australijos tarptautin\u0117 mokykla Vilniuje. Tai privati mokykla, kurioje modernus po\u017ei\u016bris \u012f mokym\u0105si dera su pozityvi\u0105ja psichologija ir dvikalbiu ugdymu.Remdamiesi Tavistock\u2019o grupi\u0173 santyki\u0173 modeliu, ugdome mokini\u0173 geb\u0117jim\u0105 bendradarbiauti, stipriname emocin\u012f intelekt\u0105 ir skatiname s\u0105moningum\u0105.\u2026","rel":"","context":"Similar post","block_context":{"text":"Similar post","link":""},"img":{"alt_text":"Stephen Lee R\u016bta Gustainien\u0117 vilnius international school","src":"https:\/\/i0.wp.com\/guliverioakademija.lt\/wp-content\/uploads\/2025\/06\/direktoriai.jpg?resize=350%2C200&ssl=1","width":350,"height":200,"srcset":"https:\/\/i0.wp.com\/guliverioakademija.lt\/wp-content\/uploads\/2025\/06\/direktoriai.jpg?resize=350%2C200&ssl=1 1x, https:\/\/i0.wp.com\/guliverioakademija.lt\/wp-content\/uploads\/2025\/06\/direktoriai.jpg?resize=525%2C300&ssl=1 1.5x, https:\/\/i0.wp.com\/guliverioakademija.lt\/wp-content\/uploads\/2025\/06\/direktoriai.jpg?resize=700%2C400&ssl=1 2x"},"classes":[]},{"id":711,"url":"https:\/\/guliverioakademija.lt\/lt\/mokyklos-vadovai\/","url_meta":{"origin":163,"position":1},"title":"vadovai","author":"Jonas Gustainis","date":"2025-06-20","format":false,"excerpt":"Nuo kabineto iki klas\u0117s \u201eGuliverio akademija\u201c buvo \u012fkurta 2017 m. dviej\u0173 profesional\u0173 \u2013 Stephen\u2019o George\u2019o Lee ir R\u016btos Gustainien\u0117s \u2013 siekiant sukurti mokykl\u0105, kurioje vaikai augt\u0173 kaip savaranki\u0161ki, m\u0105stantys ir atsakingi mokiniai. Abu \u012fk\u016br\u0117jai aktyviai vadovauja mokyklai \u2013 ne tik priima strateginius sprendimus, bet ir dalyvauja ugdymo procese: moko, konsultuoja,\u2026","rel":"","context":"Similar post","block_context":{"text":"Similar post","link":""},"img":{"alt_text":"","src":"https:\/\/i0.wp.com\/guliverioakademija.lt\/wp-content\/uploads\/2025\/06\/DSC3123-1024x683.jpg?resize=350%2C200&ssl=1","width":350,"height":200,"srcset":"https:\/\/i0.wp.com\/guliverioakademija.lt\/wp-content\/uploads\/2025\/06\/DSC3123-1024x683.jpg?resize=350%2C200&ssl=1 1x, https:\/\/i0.wp.com\/guliverioakademija.lt\/wp-content\/uploads\/2025\/06\/DSC3123-1024x683.jpg?resize=525%2C300&ssl=1 1.5x, https:\/\/i0.wp.com\/guliverioakademija.lt\/wp-content\/uploads\/2025\/06\/DSC3123-1024x683.jpg?resize=700%2C400&ssl=1 2x"},"classes":[]},{"id":383,"url":"https:\/\/guliverioakademija.lt\/lt\/priemimas-2\/","url_meta":{"origin":163,"position":2},"title":"Pri\u0117mimas","author":"Jonas Gustainis","date":"2025-05-22","format":false,"excerpt":"Atraskite kitoki\u0105 mokykl\u0105 \u00a0 D\u017eiaugiam\u0117s, kad domit\u0117s m\u016bs\u0173 mokykla. Esame \u0161iuolaiki\u0161ka tarptautin\u0117 mokykla Vilniuje, kurioje susijungia Australijos ir Lietuvos \u0161vietimo patirtys. Dvikalbis ugdymas, emocinio intelekto lavinimas ir kokybi\u0161kas mokymas padeda mums ruo\u0161ti mokinius ne tik akademiniams pasiekimams, bet ir gyvenimui. Mokinius priimame visus metus ir nuo pirmojo kontakto siekiame, kad\u2026","rel":"","context":"Similar post","block_context":{"text":"Similar post","link":""},"img":{"alt_text":"","src":"https:\/\/i0.wp.com\/guliverioakademija.lt\/wp-content\/uploads\/2025\/05\/Screenshot-2025-05-24-at-9.23.58%E2%80%AFPM.png?resize=350%2C200&ssl=1","width":350,"height":200,"srcset":"https:\/\/i0.wp.com\/guliverioakademija.lt\/wp-content\/uploads\/2025\/05\/Screenshot-2025-05-24-at-9.23.58%E2%80%AFPM.png?resize=350%2C200&ssl=1 1x, https:\/\/i0.wp.com\/guliverioakademija.lt\/wp-content\/uploads\/2025\/05\/Screenshot-2025-05-24-at-9.23.58%E2%80%AFPM.png?resize=525%2C300&ssl=1 1.5x"},"classes":[]},{"id":779,"url":"https:\/\/guliverioakademija.lt\/lt\/mokytojai\/","url_meta":{"origin":163,"position":3},"title":"mokytojai","author":"Jonas Gustainis","date":"2025-06-27","format":false,"excerpt":"\u201e\u0160vietimas nepakei\u010dia pasaulio. \u0160vietimas pakei\u010dia \u017emones. \u017dmon\u0117s pakei\u010dia pasaul\u012f.\u201c\u2014 Paulo Freire M\u016bs\u0173 mokytojai\u201eGuliverio akademijoje\u201c mokytojai yra poky\u010di\u0173 \u012fkv\u0117p\u0117jai. Mokiniai augdami kei\u010diasi, o mokytojo vaidmuo \u2013 r\u016bpestingai ir \u012f\u017evalgiai juos lyd\u0117ti, \u012fkv\u0117pti ir skatinti.\u00a0S\u0117kmingas mokymas ne\u012fmanomas be nuolatinio mokymosi. M\u016bs\u0173 pedagogai \u2013 savo patirt\u012f reflektuojantys praktikai, nuolat tobul\u0117jantys tiek asmeni\u0161kai, tiek\u2026","rel":"","context":"Similar post","block_context":{"text":"Similar post","link":""},"img":{"alt_text":"","src":"https:\/\/i0.wp.com\/guliverioakademija.lt\/wp-content\/uploads\/2025\/06\/DSC3255-1024x683.jpg?resize=350%2C200&ssl=1","width":350,"height":200,"srcset":"https:\/\/i0.wp.com\/guliverioakademija.lt\/wp-content\/uploads\/2025\/06\/DSC3255-1024x683.jpg?resize=350%2C200&ssl=1 1x, https:\/\/i0.wp.com\/guliverioakademija.lt\/wp-content\/uploads\/2025\/06\/DSC3255-1024x683.jpg?resize=525%2C300&ssl=1 1.5x, https:\/\/i0.wp.com\/guliverioakademija.lt\/wp-content\/uploads\/2025\/06\/DSC3255-1024x683.jpg?resize=700%2C400&ssl=1 2x"},"classes":[]},{"id":58,"url":"https:\/\/guliverioakademija.lt\/lt\/vertybes\/","url_meta":{"origin":163,"position":4},"title":"Vertyb\u0117s","author":"Jonas Gustainis","date":"2025-04-01","format":false,"excerpt":"\u201eGuliverio akademijos\u201c bendruomen\u0119 jungia ai\u0161k\u016bs principai, padedantys kiekvienam mokiniui augti ir tobul\u0117ti. Remiam\u0117s Australijos ir Lietuvos kult\u016briniu paveldu \u2013 jis ugdo atkaklum\u0105, k\u016brybi\u0161kum\u0105 ir atsakomyb\u0117s jausm\u0105. Kuriame mokymosi kult\u016br\u0105, pagr\u012fst\u0105 \u0161iomis vertyb\u0117mis: PagarbaElgiam\u0117s r\u016bpestingai, nuo\u0161ird\u017eiai ir atsakingai. Gerbiame skirtingas nuomones, kuriame saugi\u0105 ir atvir\u0105 aplink\u0105, kur kiekvienas jau\u010diasi matomas ir\u2026","rel":"","context":"Similar post","block_context":{"text":"Similar post","link":""},"img":{"alt_text":"","src":"https:\/\/i0.wp.com\/guliverioakademija.lt\/wp-content\/uploads\/2025\/06\/DSC3149-1024x683.jpg?resize=350%2C200&ssl=1","width":350,"height":200,"srcset":"https:\/\/i0.wp.com\/guliverioakademija.lt\/wp-content\/uploads\/2025\/06\/DSC3149-1024x683.jpg?resize=350%2C200&ssl=1 1x, https:\/\/i0.wp.com\/guliverioakademija.lt\/wp-content\/uploads\/2025\/06\/DSC3149-1024x683.jpg?resize=525%2C300&ssl=1 1.5x, https:\/\/i0.wp.com\/guliverioakademija.lt\/wp-content\/uploads\/2025\/06\/DSC3149-1024x683.jpg?resize=700%2C400&ssl=1 2x"},"classes":[]},{"id":173,"url":"https:\/\/guliverioakademija.lt\/lt\/metodas\/","url_meta":{"origin":163,"position":5},"title":"Metodas","author":"Jonas Gustainis","date":"2025-05-05","format":false,"excerpt":"Grupi\u0173 santyki\u0173 teorijaGrupi\u0173 santyki\u0173 teorija \u2013 tai studij\u0173 sritis, nagrin\u0117janti, kaip \u017emon\u0117s s\u0105veikauja grup\u0117se, kokius vaidmenis jie prisiima, kaip grup\u0117s strukt\u016bros veikia elgsen\u0105 bei kok\u012f poveik\u012f grupinis elgesys daro asmeniui ir kolektyvui. Abu m\u016bs\u0173 mokyklos vadovai studijavo Tavistock Institute (London) ir yra patyr\u0119 \u0161io modelio praktikai. Direktor\u0117 R\u016bta \u012fgijo psichoterapijos\u2026","rel":"","context":"Similar post","block_context":{"text":"Similar post","link":""},"img":{"alt_text":"","src":"","width":0,"height":0},"classes":[]}],"_links":{"self":[{"href":"https:\/\/guliverioakademija.lt\/lt\/wp-json\/wp\/v2\/pages\/163","targetHints":{"allow":["GET"]}}],"collection":[{"href":"https:\/\/guliverioakademija.lt\/lt\/wp-json\/wp\/v2\/pages"}],"about":[{"href":"https:\/\/guliverioakademija.lt\/lt\/wp-json\/wp\/v2\/types\/page"}],"author":[{"embeddable":true,"href":"https:\/\/guliverioakademija.lt\/lt\/wp-json\/wp\/v2\/users\/137966491"}],"replies":[{"embeddable":true,"href":"https:\/\/guliverioakademija.lt\/lt\/wp-json\/wp\/v2\/comments?post=163"}],"version-history":[{"count":70,"href":"https:\/\/guliverioakademija.lt\/lt\/wp-json\/wp\/v2\/pages\/163\/revisions"}],"predecessor-version":[{"id":871,"href":"https:\/\/guliverioakademija.lt\/lt\/wp-json\/wp\/v2\/pages\/163\/revisions\/871"}],"wp:attachment":[{"href":"https:\/\/guliverioakademija.lt\/lt\/wp-json\/wp\/v2\/media?parent=163"}],"curies":[{"name":"wp","href":"https:\/\/api.w.org\/{rel}","templated":true}]}}