{"id":1146,"date":"2026-05-02T08:50:59","date_gmt":"2026-05-02T05:50:59","guid":{"rendered":"https:\/\/guliverioakademija.lt\/?page_id=1146"},"modified":"2026-05-02T09:06:23","modified_gmt":"2026-05-02T06:06:23","slug":"mokymasis-grupeje-ir-mokyklos-kultura","status":"publish","type":"page","link":"https:\/\/guliverioakademija.lt\/lt\/mokymasis-grupeje-ir-mokyklos-kultura\/","title":{"rendered":"Mokymasis grup\u0117je ir mokyklos kult\u016bra"},"content":{"rendered":"\t\t<div data-elementor-type=\"wp-page\" data-elementor-id=\"1146\" class=\"elementor elementor-1146\" data-elementor-post-type=\"page\">\n\t\t\t\t<div class=\"elementor-element elementor-element-462de4df e-flex e-con-boxed e-con e-parent\" data-id=\"462de4df\" data-element_type=\"container\" data-e-type=\"container\">\n\t\t\t\t\t<div class=\"e-con-inner\">\n\t\t\t\t<div class=\"elementor-element elementor-element-11b8221 elementor-widget elementor-widget-text-editor\" data-id=\"11b8221\" data-element_type=\"widget\" data-e-type=\"widget\" data-widget_type=\"text-editor.default\">\n\t\t\t\t<div class=\"elementor-widget-container\">\n\t\t\t\t\t\t\t\t\t<h4><b>Mokymasis grup\u0117je ir mokyklos kult\u016bra<\/b><\/h4><h4><span style=\"color: inherit; font-family: inherit; letter-spacing: 0.1px; font-size: 17px;\">Guliverio Akademijoje mokykl\u0105 matome ne tik kaip viet\u0105, kurioje d\u0117stomi dalykai, bet kaip&nbsp;<\/span><span style=\"color: inherit; font-family: inherit; letter-spacing: 0.1px; font-size: 17px;\">gyv\u0105 organizacij\u0105 \u2013 dinami\u0161k\u0105, sud\u0117ting\u0105 ir formuojam\u0105 santyki\u0173 joje.<\/span><\/h4>\n<p><span style=\"font-size: 17px; color: inherit; font-family: inherit; letter-spacing: 0.1px;\">Kiekvien\u0105 dien\u0105 mokiniai ir mokytojai dalyvauja grup\u0117se: klas\u0117se, komandose, draugyst\u0117se&nbsp;<\/span><span style=\"font-size: 17px; color: inherit; font-family: inherit; letter-spacing: 0.1px;\">ir platesn\u0117je mokyklos bendruomen\u0117je. \u0160ios patirtys yra ne tik mokymosi dalis \u2013 jos yra&nbsp;<\/span><span style=\"font-size: 17px; color: inherit; font-family: inherit; letter-spacing: 0.1px;\">esmin\u0117s tam, kaip jauni \u017emon\u0117s mokosi suprasti save ir kitus. Priklausymas grupei suteikia&nbsp;<\/span><span style=\"font-size: 17px; color: inherit; font-family: inherit; letter-spacing: 0.1px;\">tapatyb\u0117s jausm\u0105 ir stiprina teigiam\u0105 savivert\u0119.<\/span><\/p>\n<p><span style=\"font-size: 17px; color: inherit; font-family: inherit; letter-spacing: 0.1px;\">M\u016bs\u0173 darbas remiasi Tavistock grupini\u0173 santyki\u0173 tradicija \u2013 sritimi, kuri tiria, kaip \u017emon\u0117s&nbsp;<\/span><span style=\"font-size: 17px; color: inherit; font-family: inherit; letter-spacing: 0.1px;\">elgiasi grup\u0117se ir organizacijose.<\/span><\/p>\n<p><span style=\"font-size: 17px; color: inherit; font-family: inherit; letter-spacing: 0.1px;\">Mes tikime, kad mokymasis n\u0117ra vien individualus. Jis vyksta per s\u0105veik\u0105 su kitais, ir \u0161ios&nbsp;<\/span><span style=\"font-size: 17px; color: inherit; font-family: inherit; letter-spacing: 0.1px;\">s\u0105veikos kokyb\u0117 yra svarbi. Mokymasis vyksta ne tik i\u0161 knyg\u0173 \u2013 jis taip pat kyla i\u0161 patirties&nbsp;<\/span><span style=\"font-size: 17px; color: inherit; font-family: inherit; letter-spacing: 0.1px;\">b\u016bti grup\u0117s nariu.<\/span><\/p>\n<p><span style=\"font-size: 17px; color: inherit; font-family: inherit; letter-spacing: 0.1px;\">Nors daugelis mokykl\u0173 daugiausia d\u0117mesio skiria individualiems pasiekimams, mes taip pat&nbsp;<\/span><span style=\"font-size: 17px; color: inherit; font-family: inherit; letter-spacing: 0.1px;\">akcentuojame, kaip mokiniai veikia grup\u0117se \u2013 nes b\u016btent taip veikia gyvenimas u\u017e mokyklos&nbsp;<\/span><span style=\"font-size: 17px; color: inherit; font-family: inherit; letter-spacing: 0.1px;\">rib\u0173.<\/span><\/p>\n<p><span style=\"font-size: 17px; color: inherit; font-family: inherit; letter-spacing: 0.1px;\">Per savo mokymosi metus mokiniai praleid\u017eia t\u016bkstan\u010dius valand\u0173 dirbdami grup\u0117se. \u0160ios&nbsp;<\/span><span style=\"color: inherit; font-family: inherit; letter-spacing: 0.1px; font-size: 17px;\">patirtys gali b\u016bti produktyvios ir palaikan\u010dios arba painios ir kelian\u010dios sunkum\u0173.<\/span><\/p>\n<p><span style=\"color: inherit; font-family: inherit; letter-spacing: 0.1px; font-size: 17px;\">Mes padedame mokiniams suprasti, kas vyksta grup\u0117je, atpa\u017einti savo vaidmen\u012f joje ir&nbsp;<\/span><span style=\"color: inherit; font-family: inherit; letter-spacing: 0.1px; font-size: 17px;\">priimti labiau apgalvotus sprendimus, kaip jie dalyvauja.<\/span><\/p>\n<p><span style=\"color: inherit; font-family: inherit; letter-spacing: 0.1px; font-size: 17px;\">Tai apima geb\u0117jim\u0105 klausytis ir veiksmingai prisid\u0117ti, spr\u0119sti nesutarimus, prisiimti&nbsp;<\/span><span style=\"color: inherit; font-family: inherit; letter-spacing: 0.1px; font-size: 17px;\">atsakomyb\u0119 komandoje, vadovauti, kai reikia, ir palaikyti kitus. Mokiniai mokosi kriti\u0161kai&nbsp;<\/span><span style=\"color: inherit; font-family: inherit; letter-spacing: 0.1px; font-size: 17px;\">m\u0105styti, i\u0161reik\u0161ti savo nuomon\u0119, prisiimti atsakomyb\u0119 u\u017e save ir kitus bei prisid\u0117ti prie&nbsp;<\/span><span style=\"color: inherit; font-family: inherit; letter-spacing: 0.1px; font-size: 17px;\">teigiam\u0173 poky\u010di\u0173.<\/span><\/p>\n<p><span style=\"color: inherit; font-family: inherit; letter-spacing: 0.1px; font-size: 17px;\">M\u016bs\u0173 po\u017ei\u016br\u012f stipriai veikia Wilfredo Biono darbai, kurie rodo, kad grup\u0117s veikia dviem&nbsp;<\/span><span style=\"color: inherit; font-family: inherit; letter-spacing: 0.1px; font-size: 17px;\">lygmenimis \u2013 u\u017eduoties ir emociniu. Kai emocinis lygmuo n\u0117ra suprantamas, jis gali&nbsp;<\/span><span style=\"color: inherit; font-family: inherit; letter-spacing: 0.1px; font-size: 17px;\">trukdyti mokymuisi ir bendradarbiavimui.<\/span><\/p>\n<p><span style=\"font-size: 17px; color: inherit; font-family: inherit; letter-spacing: 0.1px;\">Pad\u0117dami mokiniams ir mokytojams geriau suprasti \u0161iuos procesus, kuriame klases, kuriose&nbsp;<\/span><span style=\"font-size: 17px; color: inherit; font-family: inherit; letter-spacing: 0.1px;\">mokymasis yra labiau sutelktas, santykiai \u2013 konstruktyvesni, o mokiniai jau\u010diasi labiau&nbsp;<\/span><span style=\"font-size: 17px; color: inherit; font-family: inherit; letter-spacing: 0.1px;\">pasitikintys savimi dalyvaudami.<\/span><\/p>\n<p><span style=\"font-size: 17px; color: inherit; font-family: inherit; letter-spacing: 0.1px;\">\u0160iuolaikiniame pasaulyje vis labiau akcentuojamas individualumas, da\u017enai formuojamas&nbsp;<\/span><span style=\"font-size: 17px; color: inherit; font-family: inherit; letter-spacing: 0.1px;\">socialini\u0173 tinkl\u0173 ir skaitmenin\u0117s aplinkos. Nors savaranki\u0161kumas yra svarbus, realiame&nbsp;<\/span><span style=\"color: inherit; font-family: inherit; letter-spacing: 0.1px; font-size: 17px;\">gyvenime vis dar b\u016btina geb\u0117ti veiksmingai dirbti su kitais.<\/span><\/p>\n<p><span style=\"color: inherit; font-family: inherit; letter-spacing: 0.1px; font-size: 17px;\">Guliverio Akademijoje siekiame ugdyti mokinius, kurie geba m\u0105styti savaranki\u0161kai ir kartu&nbsp;<\/span><span style=\"color: inherit; font-family: inherit; letter-spacing: 0.1px; font-size: 17px;\">produktyviai dirbti grup\u0117se, suprasti kitus ir prisid\u0117ti prie bendr\u0173 tiksl\u0173. Mes ugdome&nbsp;<\/span><span style=\"color: inherit; font-family: inherit; letter-spacing: 0.1px; font-size: 17px;\">mokinius, kurie geb\u0117s gyventi ir b\u016bti s\u0117kmingi daugiakult\u016br\u0117je visuomen\u0117je.<\/span><\/p>\n<p><span style=\"color: inherit; font-family: inherit; letter-spacing: 0.1px; font-size: 17px;\">Mes matome mokykl\u0105 kaip atvir\u0105 sistem\u0105 \u2013 atspindin\u010di\u0105 visuomen\u0119, kurioje gyvename, ir&nbsp;<\/span><span style=\"color: inherit; font-family: inherit; letter-spacing: 0.1px; font-size: 17px;\">tuo pa\u010diu ruo\u0161ian\u010di\u0105 mokinius j\u0105 formuoti.<\/span><\/p>\n<p><span style=\"color: inherit; font-family: inherit; letter-spacing: 0.1px; font-size: 17px;\">Ugydami supratim\u0105 apie grupinius procesus, mes padedame mokiniams tapti s\u0105moningais&nbsp;<\/span><span style=\"color: inherit; font-family: inherit; letter-spacing: 0.1px; font-size: 17px;\">dalyviais, atsakingais komandos nariais ir geban\u010diais vadovauti lyderiais.<\/span><\/p>\n<p><span style=\"color: inherit; font-family: inherit; letter-spacing: 0.1px; font-size: 17px;\">M\u016bs\u0173 po\u017ei\u016bris sujungia stipr\u0173 akademin\u012f mokym\u0105si su giliu supratimu apie tai, kaip \u017emon\u0117s&nbsp;<\/span><span style=\"color: inherit; font-family: inherit; letter-spacing: 0.1px; font-size: 17px;\">veikia kartu, nes ugdymas yra ne tik apie tai, k\u0105 mokiniai \u017eino, bet ir apie tai, kaip jie gyvena&nbsp;<\/span><span style=\"font-size: 17px; color: inherit; font-family: inherit; letter-spacing: 0.1px;\">ir dirba su kitais.<\/span><\/p>\t\t\t\t\t\t\t\t<\/div>\n\t\t\t\t<\/div>\n\t\t\t\t\t<\/div>\n\t\t\t\t<\/div>\n\t\t\t\t<\/div>\n\t\t","protected":false},"excerpt":{"rendered":"<p>Mokymasis grup\u0117je ir mokyklos kult\u016bra Guliverio Akademijoje mokykl\u0105 matome ne tik kaip viet\u0105, kurioje d\u0117stomi dalykai, bet kaip&nbsp;gyv\u0105 organizacij\u0105 \u2013 dinami\u0161k\u0105, sud\u0117ting\u0105 ir formuojam\u0105 santyki\u0173 joje. Kiekvien\u0105 dien\u0105 mokiniai ir mokytojai dalyvauja grup\u0117se: klas\u0117se, komandose, draugyst\u0117se&nbsp;ir platesn\u0117je mokyklos bendruomen\u0117je. \u0160ios patirtys yra ne tik mokymosi dalis \u2013 jos yra&nbsp;esmin\u0117s tam, kaip jauni \u017emon\u0117s mokosi suprasti [&hellip;]<\/p>\n","protected":false},"author":137966491,"featured_media":0,"parent":0,"menu_order":0,"comment_status":"closed","ping_status":"closed","template":"","meta":{"_crdt_document":"","footnotes":""},"class_list":["post-1146","page","type-page","status-publish","hentry"],"jetpack_likes_enabled":true,"jetpack_sharing_enabled":true,"jetpack_shortlink":"https:\/\/wp.me\/Pgq4VZ-iu","jetpack-related-posts":[{"id":711,"url":"https:\/\/guliverioakademija.lt\/lt\/mokyklos-vadovai\/","url_meta":{"origin":1146,"position":0},"title":"vadovai","author":"Jonas Gustainis","date":"2025-06-20","format":false,"excerpt":"Nuo kabineto iki klas\u0117s \u201eGuliverio akademija\u201c buvo \u012fkurta 2017 m. dviej\u0173 profesional\u0173 \u2013 Stephen\u2019o George\u2019o Lee ir R\u016btos Gustainien\u0117s \u2013 siekiant sukurti mokykl\u0105, kurioje vaikai augt\u0173 kaip savaranki\u0161ki, m\u0105stantys ir atsakingi mokiniai. Abu \u012fk\u016br\u0117jai aktyviai vadovauja mokyklai \u2013 ne tik priima strateginius sprendimus, bet ir dalyvauja ugdymo procese: moko, konsultuoja,\u2026","rel":"","context":"Similar post","block_context":{"text":"Similar post","link":""},"img":{"alt_text":"","src":"https:\/\/i0.wp.com\/guliverioakademija.lt\/wp-content\/uploads\/2025\/06\/DSC3123-1024x683.jpg?resize=350%2C200&ssl=1","width":350,"height":200,"srcset":"https:\/\/i0.wp.com\/guliverioakademija.lt\/wp-content\/uploads\/2025\/06\/DSC3123-1024x683.jpg?resize=350%2C200&ssl=1 1x, https:\/\/i0.wp.com\/guliverioakademija.lt\/wp-content\/uploads\/2025\/06\/DSC3123-1024x683.jpg?resize=525%2C300&ssl=1 1.5x, https:\/\/i0.wp.com\/guliverioakademija.lt\/wp-content\/uploads\/2025\/06\/DSC3123-1024x683.jpg?resize=700%2C400&ssl=1 2x"},"classes":[]},{"id":173,"url":"https:\/\/guliverioakademija.lt\/lt\/metodas\/","url_meta":{"origin":1146,"position":1},"title":"Metodas","author":"Jonas Gustainis","date":"2025-05-05","format":false,"excerpt":"Grupi\u0173 santyki\u0173 metodasTai metodas, nagrin\u0117jantis, kaip \u017emon\u0117s s\u0105veikauja grup\u0117se, kokius vaidmenis jie prisiima, kaip grup\u0117s strukt\u016bros veikia elgsen\u0105 bei kok\u012f poveik\u012f grup\u0117s elgesys daro asmeniui ir kolektyvui. Abu m\u016bs\u0173 mokyklos vadovai studijavo Tavistock\u2018o \u017emogi\u0161k\u0173j\u0173 santyki\u0173 institute (Tavistock Institute of Human Relations) ir yra patyr\u0119 \u0161io metodo praktikai.Grupi\u0173 santyki\u0173 teorija taikoma\u2026","rel":"","context":"Similar post","block_context":{"text":"Similar post","link":""},"img":{"alt_text":"","src":"","width":0,"height":0},"classes":[]},{"id":383,"url":"https:\/\/guliverioakademija.lt\/lt\/priemimas-2\/","url_meta":{"origin":1146,"position":2},"title":"Pri\u0117mimas","author":"Jonas Gustainis","date":"2025-05-22","format":false,"excerpt":"Atraskite kitoki\u0105 mokykl\u0105 \u00a0 D\u017eiaugiam\u0117s, kad domit\u0117s m\u016bs\u0173 mokykla. Esame \u0161iuolaiki\u0161ka tarptautin\u0117 mokykla Vilniuje, kurioje susijungia Australijos ir Lietuvos \u0161vietimo patirtys. Dvikalbis ugdymas, emocinio intelekto lavinimas ir kokybi\u0161kas mokymas padeda mums ruo\u0161ti mokinius ne tik akademiniams pasiekimams, bet ir gyvenimui. Mokinius priimame visus metus ir nuo pirmojo kontakto siekiame, kad\u2026","rel":"","context":"Similar post","block_context":{"text":"Similar post","link":""},"img":{"alt_text":"","src":"https:\/\/i0.wp.com\/guliverioakademija.lt\/wp-content\/uploads\/2025\/05\/Screenshot-2025-05-24-at-9.23.58%E2%80%AFPM.png?resize=350%2C200&ssl=1","width":350,"height":200,"srcset":"https:\/\/i0.wp.com\/guliverioakademija.lt\/wp-content\/uploads\/2025\/05\/Screenshot-2025-05-24-at-9.23.58%E2%80%AFPM.png?resize=350%2C200&ssl=1 1x, https:\/\/i0.wp.com\/guliverioakademija.lt\/wp-content\/uploads\/2025\/05\/Screenshot-2025-05-24-at-9.23.58%E2%80%AFPM.png?resize=525%2C300&ssl=1 1.5x"},"classes":[]},{"id":664,"url":"https:\/\/guliverioakademija.lt\/lt\/privatumo-politika\/","url_meta":{"origin":1146,"position":3},"title":"Privatumo politika","author":"Jonas Gustainis","date":"2025-06-19","format":false,"excerpt":"Galioja nuo: 2025-06-19 Paskutin\u012f kart\u0105 atnaujinta: 2025-06-19 \u0160iame dokumente pateikiama informacija apie tai, kaip UAB \u201eGuliverio akademija\u201c, \u012fmon\u0117s kodas: 304493294, buvein\u0117s adresas: Gedimino pr. 12, Vilnius, Lietuva (toliau \u2013 Mokykla, mes, duomen\u0173 valdytojas) tvarko asmens duomenis laikydamasi Bendrojo duomen\u0173 apsaugos reglamento (BDAR) ir kit\u0173 taikom\u0173 teis\u0117s akt\u0173. 1. Kokiais tikslais\u2026","rel":"","context":"Similar post","block_context":{"text":"Similar post","link":""},"img":{"alt_text":"","src":"","width":0,"height":0},"classes":[]},{"id":147,"url":"https:\/\/guliverioakademija.lt\/lt\/","url_meta":{"origin":1146,"position":4},"title":"Home LT","author":"Jonas Gustainis","date":"2025-05-05","format":false,"excerpt":"Guliverio akademija - Australijos tarptautin\u0117 mokykla Vilniuje Vertyb\u0117s mus vienija, o pa\u017einimas \u012fkvepia\u201eGuliverio akademija\u201c \u2013 tai Vakar\u0173 Australijos tarptautin\u0117 mokykla Vilniuje. Tai privati mokykla, kurioje modernus po\u017ei\u016bris \u012f mokym\u0105si dera su pozityvi\u0105ja psichologija ir dvikalbiu ugdymu.Remdamiesi Tavistock\u2019o grupi\u0173 santyki\u0173 modeliu, ugdome mokini\u0173 geb\u0117jim\u0105 bendradarbiauti, stipriname emocin\u012f intelekt\u0105 ir skatiname s\u0105moningum\u0105.\u2026","rel":"","context":"Similar post","block_context":{"text":"Similar post","link":""},"img":{"alt_text":"Stephen Lee R\u016bta Gustainien\u0117 vilnius international school","src":"https:\/\/i0.wp.com\/guliverioakademija.lt\/wp-content\/uploads\/2025\/06\/direktoriai.jpg?resize=350%2C200&ssl=1","width":350,"height":200,"srcset":"https:\/\/i0.wp.com\/guliverioakademija.lt\/wp-content\/uploads\/2025\/06\/direktoriai.jpg?resize=350%2C200&ssl=1 1x, https:\/\/i0.wp.com\/guliverioakademija.lt\/wp-content\/uploads\/2025\/06\/direktoriai.jpg?resize=525%2C300&ssl=1 1.5x, https:\/\/i0.wp.com\/guliverioakademija.lt\/wp-content\/uploads\/2025\/06\/direktoriai.jpg?resize=700%2C400&ssl=1 2x"},"classes":[]},{"id":58,"url":"https:\/\/guliverioakademija.lt\/lt\/vertybes\/","url_meta":{"origin":1146,"position":5},"title":"Vertyb\u0117s","author":"Jonas Gustainis","date":"2025-04-01","format":false,"excerpt":"\u201eGuliverio akademijos\u201c bendruomen\u0119 jungia ai\u0161k\u016bs principai, padedantys kiekvienam mokiniui augti ir tobul\u0117ti. Remiam\u0117s Australijos ir Lietuvos kult\u016briniu paveldu \u2013 jis ugdo atkaklum\u0105, k\u016brybi\u0161kum\u0105 ir atsakomyb\u0117s jausm\u0105. Kuriame mokymosi kult\u016br\u0105, pagr\u012fst\u0105 \u0161iomis vertyb\u0117mis: PagarbaElgiam\u0117s r\u016bpestingai, nuo\u0161ird\u017eiai ir atsakingai. Gerbiame skirtingas nuomones, kuriame saugi\u0105 ir atvir\u0105 aplink\u0105, kur kiekvienas jau\u010diasi matomas ir\u2026","rel":"","context":"Similar post","block_context":{"text":"Similar post","link":""},"img":{"alt_text":"","src":"https:\/\/i0.wp.com\/guliverioakademija.lt\/wp-content\/uploads\/2025\/06\/DSC3149-1024x683.jpg?resize=350%2C200&ssl=1","width":350,"height":200,"srcset":"https:\/\/i0.wp.com\/guliverioakademija.lt\/wp-content\/uploads\/2025\/06\/DSC3149-1024x683.jpg?resize=350%2C200&ssl=1 1x, https:\/\/i0.wp.com\/guliverioakademija.lt\/wp-content\/uploads\/2025\/06\/DSC3149-1024x683.jpg?resize=525%2C300&ssl=1 1.5x, https:\/\/i0.wp.com\/guliverioakademija.lt\/wp-content\/uploads\/2025\/06\/DSC3149-1024x683.jpg?resize=700%2C400&ssl=1 2x"},"classes":[]}],"_links":{"self":[{"href":"https:\/\/guliverioakademija.lt\/lt\/wp-json\/wp\/v2\/pages\/1146","targetHints":{"allow":["GET"]}}],"collection":[{"href":"https:\/\/guliverioakademija.lt\/lt\/wp-json\/wp\/v2\/pages"}],"about":[{"href":"https:\/\/guliverioakademija.lt\/lt\/wp-json\/wp\/v2\/types\/page"}],"author":[{"embeddable":true,"href":"https:\/\/guliverioakademija.lt\/lt\/wp-json\/wp\/v2\/users\/137966491"}],"replies":[{"embeddable":true,"href":"https:\/\/guliverioakademija.lt\/lt\/wp-json\/wp\/v2\/comments?post=1146"}],"version-history":[{"count":13,"href":"https:\/\/guliverioakademija.lt\/lt\/wp-json\/wp\/v2\/pages\/1146\/revisions"}],"predecessor-version":[{"id":1164,"href":"https:\/\/guliverioakademija.lt\/lt\/wp-json\/wp\/v2\/pages\/1146\/revisions\/1164"}],"wp:attachment":[{"href":"https:\/\/guliverioakademija.lt\/lt\/wp-json\/wp\/v2\/media?parent=1146"}],"curies":[{"name":"wp","href":"https:\/\/api.w.org\/{rel}","templated":true}]}}