{"id":985,"date":"2025-11-06T19:04:54","date_gmt":"2025-11-06T17:04:54","guid":{"rendered":"https:\/\/guliverioakademija.lt\/?page_id=985"},"modified":"2025-11-13T14:55:22","modified_gmt":"2025-11-13T12:55:22","slug":"karjera","status":"publish","type":"page","link":"https:\/\/guliverioakademija.lt\/en\/karjera\/","title":{"rendered":"Career"},"content":{"rendered":"\t\t<div data-elementor-type=\"wp-page\" data-elementor-id=\"985\" class=\"elementor elementor-985\" data-elementor-post-type=\"page\">\n\t\t\t\t<div class=\"elementor-element elementor-element-65ed332 e-flex e-con-boxed e-con e-parent\" data-id=\"65ed332\" data-element_type=\"container\" data-e-type=\"container\">\n\t\t\t\t\t<div class=\"e-con-inner\">\n\t\t\t\t<div class=\"elementor-element elementor-element-192fcd1 elementor-widget elementor-widget-heading\" data-id=\"192fcd1\" data-element_type=\"widget\" data-e-type=\"widget\" data-widget_type=\"heading.default\">\n\t\t\t\t<div class=\"elementor-widget-container\">\n\t\t\t\t\t<h2 class=\"elementor-heading-title elementor-size-default\">Mokymo galimyb\u0117s<\/h2>\t\t\t\t<\/div>\n\t\t\t\t<\/div>\n\t\t\t\t\t<\/div>\n\t\t\t\t<\/div>\n\t\t<div class=\"elementor-element elementor-element-b6e54aa e-flex e-con-boxed e-con e-parent\" data-id=\"b6e54aa\" data-element_type=\"container\" data-e-type=\"container\">\n\t\t\t\t\t<div class=\"e-con-inner\">\n\t\t<div class=\"elementor-element elementor-element-9c6007a e-con-full e-flex e-con e-child\" data-id=\"9c6007a\" data-element_type=\"container\" data-e-type=\"container\">\n\t\t\t\t<div class=\"elementor-element elementor-element-d963d05 elementor-widget elementor-widget-text-editor\" data-id=\"d963d05\" data-element_type=\"widget\" data-e-type=\"widget\" data-widget_type=\"text-editor.default\">\n\t\t\t\t<div class=\"elementor-widget-container\">\n\t\t\t\t\t\t\t\t\t<p>Prisijunkite prie unikalios tarptautin\u0117s \u0161vietimo organizacijos, kurioje pedagogai turi galimyb\u0119 augti ir tobul\u0117ti dirbdami pagal moderni\u0105, \u012f vaik\u0105 orientuot\u0105 ir tyrimais pagr\u012fst\u0105 Australijos ugdymo sistem\u0105. M\u016bs\u0173 po\u017ei\u016bris \u012f mokym\u0105:<\/p><p>\u2022 Moksliniais tyrimais pagr\u012fsta pedagogika, orientuota \u012f vaiko individualius geb\u0117jimus ir savaranki\u0161kum\u0105.<\/p><p>\u2022 Dvikalbis ugdymas \u2013 lietuvi\u0173 ir angl\u0173 kalbos laikomos pirmosiomis kalbomis, taikomos visose veiklose.<\/p><p>\u2022 Grupi\u0173 santyki\u0173 teorijos taikymas \u0161vietimo aplinkoje \u2013 padedame kurti s\u0105moningas, reflektuojan\u010dias bendruomenes.<\/p><p>\u2022 Darbas su 1\u201312 klas\u0117mis suteikia galimyb\u0119 mokytojams pl\u0117sti profesini\u0173 \u012fg\u016bd\u017ei\u0173 spektr\u0105 ir bendradarbiauti tarp skirting\u0173 am\u017eiaus grupi\u0173. Jei esate absolventas, turintis pedagogin\u0119 kvalifikacij\u0105 arba lygiavert\u0117s patirties \u0161vietimo srityje, kvie\u010diame susisiekti \u2013 nuolat ple\u010diame patvirtint\u0173 kandidat\u0173 s\u0105ra\u0161\u0105. Atrankos vyksta visus metus, tiek \u012f esamas, tiek \u012f b\u016bsimas pareigas.<\/p>\t\t\t\t\t\t\t\t<\/div>\n\t\t\t\t<\/div>\n\t\t\t\t<\/div>\n\t\t<div class=\"elementor-element elementor-element-7d5f9aa e-con-full e-flex e-con e-child\" data-id=\"7d5f9aa\" data-element_type=\"container\" data-e-type=\"container\">\n\t\t\t\t<div class=\"elementor-element elementor-element-ea24704 elementor-widget elementor-widget-image\" data-id=\"ea24704\" data-element_type=\"widget\" data-e-type=\"widget\" data-widget_type=\"image.default\">\n\t\t\t\t<div class=\"elementor-widget-container\">\n\t\t\t\t\t\t\t\t\t\t\t\t\t\t\t<img fetchpriority=\"high\" decoding=\"async\" data-attachment-id=\"1017\" data-permalink=\"https:\/\/guliverioakademija.lt\/en\/karjera\/_dsc2637\/\" data-orig-file=\"https:\/\/i0.wp.com\/guliverioakademija.lt\/wp-content\/uploads\/2025\/11\/DSC2637.jpg?fit=6000%2C4000&amp;ssl=1\" data-orig-size=\"6000,4000\" data-comments-opened=\"1\" data-image-meta=\"{&quot;aperture&quot;:&quot;5.6&quot;,&quot;credit&quot;:&quot;&quot;,&quot;camera&quot;:&quot;ILCE-7M3&quot;,&quot;caption&quot;:&quot;&quot;,&quot;created_timestamp&quot;:&quot;1748866289&quot;,&quot;copyright&quot;:&quot;&quot;,&quot;focal_length&quot;:&quot;70&quot;,&quot;iso&quot;:&quot;1250&quot;,&quot;shutter_speed&quot;:&quot;0.0125&quot;,&quot;title&quot;:&quot;&quot;,&quot;orientation&quot;:&quot;1&quot;}\" data-image-title=\"_DSC2637\" data-image-description=\"\" data-image-caption=\"\" data-large-file=\"https:\/\/i0.wp.com\/guliverioakademija.lt\/wp-content\/uploads\/2025\/11\/DSC2637.jpg?fit=800%2C534&amp;ssl=1\" width=\"800\" height=\"534\" src=\"https:\/\/i0.wp.com\/guliverioakademija.lt\/wp-content\/uploads\/2025\/11\/DSC2637.jpg?fit=800%2C534&amp;ssl=1\" class=\"attachment-large size-large wp-image-1017\" alt=\"laisvas darbo stalas - tuscia kede\" srcset=\"https:\/\/i0.wp.com\/guliverioakademija.lt\/wp-content\/uploads\/2025\/11\/DSC2637.jpg?w=6000&amp;ssl=1 6000w, https:\/\/i0.wp.com\/guliverioakademija.lt\/wp-content\/uploads\/2025\/11\/DSC2637.jpg?resize=300%2C200&amp;ssl=1 300w, https:\/\/i0.wp.com\/guliverioakademija.lt\/wp-content\/uploads\/2025\/11\/DSC2637.jpg?resize=1024%2C683&amp;ssl=1 1024w, https:\/\/i0.wp.com\/guliverioakademija.lt\/wp-content\/uploads\/2025\/11\/DSC2637.jpg?resize=768%2C512&amp;ssl=1 768w, https:\/\/i0.wp.com\/guliverioakademija.lt\/wp-content\/uploads\/2025\/11\/DSC2637.jpg?resize=1536%2C1024&amp;ssl=1 1536w, https:\/\/i0.wp.com\/guliverioakademija.lt\/wp-content\/uploads\/2025\/11\/DSC2637.jpg?resize=2048%2C1365&amp;ssl=1 2048w, https:\/\/i0.wp.com\/guliverioakademija.lt\/wp-content\/uploads\/2025\/11\/DSC2637.jpg?resize=18%2C12&amp;ssl=1 18w, https:\/\/i0.wp.com\/guliverioakademija.lt\/wp-content\/uploads\/2025\/11\/DSC2637.jpg?w=1600&amp;ssl=1 1600w, https:\/\/i0.wp.com\/guliverioakademija.lt\/wp-content\/uploads\/2025\/11\/DSC2637.jpg?w=2400&amp;ssl=1 2400w\" sizes=\"(max-width: 800px) 100vw, 800px\" data-attachment-id=\"1017\" data-permalink=\"https:\/\/guliverioakademija.lt\/lt\/karjera\/_dsc2637\/\" data-orig-file=\"https:\/\/i0.wp.com\/guliverioakademija.lt\/wp-content\/uploads\/2025\/11\/DSC2637.jpg?fit=6000%2C4000&amp;ssl=1\" data-orig-size=\"6000,4000\" data-comments-opened=\"1\" data-image-meta=\"{&quot;aperture&quot;:&quot;5.6&quot;,&quot;credit&quot;:&quot;&quot;,&quot;camera&quot;:&quot;ILCE-7M3&quot;,&quot;caption&quot;:&quot;&quot;,&quot;created_timestamp&quot;:&quot;1748866289&quot;,&quot;copyright&quot;:&quot;&quot;,&quot;focal_length&quot;:&quot;70&quot;,&quot;iso&quot;:&quot;1250&quot;,&quot;shutter_speed&quot;:&quot;0.0125&quot;,&quot;title&quot;:&quot;&quot;,&quot;orientation&quot;:&quot;1&quot;}\" data-image-title=\"_DSC2637\" data-image-description=\"\" data-image-caption=\"\" data-large-file=\"https:\/\/i0.wp.com\/guliverioakademija.lt\/wp-content\/uploads\/2025\/11\/DSC2637.jpg?fit=800%2C534&amp;ssl=1\" \/>\t\t\t\t\t\t\t\t\t\t\t\t\t\t\t<\/div>\n\t\t\t\t<\/div>\n\t\t\t\t<\/div>\n\t\t\t\t\t<\/div>\n\t\t\t\t<\/div>\n\t\t<div class=\"elementor-element elementor-element-8443269 e-flex e-con-boxed e-con e-parent\" data-id=\"8443269\" data-element_type=\"container\" data-e-type=\"container\">\n\t\t\t\t\t<div class=\"e-con-inner\">\n\t\t\t\t<div class=\"elementor-element elementor-element-c8780b3 elementor-widget elementor-widget-heading\" data-id=\"c8780b3\" data-element_type=\"widget\" data-e-type=\"widget\" data-widget_type=\"heading.default\">\n\t\t\t\t<div class=\"elementor-widget-container\">\n\t\t\t\t\t<h2 class=\"elementor-heading-title elementor-size-default\">\u0160iuo metu ie\u0161kome<\/h2>\t\t\t\t<\/div>\n\t\t\t\t<\/div>\n\t\t\t\t\t<\/div>\n\t\t\t\t<\/div>\n\t\t<div class=\"elementor-element elementor-element-12a8eef e-grid e-con-boxed e-con e-parent\" data-id=\"12a8eef\" data-element_type=\"container\" data-e-type=\"container\">\n\t\t\t\t\t<div class=\"e-con-inner\">\n\t\t\t\t<div class=\"elementor-element elementor-element-ce0d3db elementor-widget elementor-widget-text-editor\" data-id=\"ce0d3db\" data-element_type=\"widget\" data-e-type=\"widget\" data-widget_type=\"text-editor.default\">\n\t\t\t\t<div class=\"elementor-widget-container\">\n\t\t\t\t\t\t\t\t\t<p style=\"letter-spacing: 0.1px;\"><b><span style=\"letter-spacing: 0.1px;\">Lietuvi\u0173 kalbos mokytojo\u00a0<\/span><span style=\"letter-spacing: 0.1px;\">(nepilnas etatas)<\/span><\/b><\/p><p style=\"letter-spacing: 0.1px;\"><span style=\"letter-spacing: 0.1px;\">Ie\u0161kome patyrusio, k\u016brybi\u0161ko lietuvi\u0173 kalbos mokytojo, geban\u010dio dirbti dvikalb\u0117je (lietuvi\u0173\u2013angl\u0173) aplinkoje su 7 klas\u0117s mokiniais.<\/span><\/p><p style=\"letter-spacing: 0.1px;\">Svarbios savyb\u0117s: lankstumas, atvirumas tarptautinei kult\u016brai, geb\u0117jimas mokym\u0105 integruoti \u012f bendr\u0105 ugdymo kontekst\u0105.<\/p><div>\u00a0<\/div>\t\t\t\t\t\t\t\t<\/div>\n\t\t\t\t<\/div>\n\t\t\t\t\t<\/div>\n\t\t\t\t<\/div>\n\t\t<div class=\"elementor-element elementor-element-791ad38 e-flex e-con-boxed e-con e-parent\" data-id=\"791ad38\" data-element_type=\"container\" data-e-type=\"container\" data-settings=\"{&quot;background_background&quot;:&quot;gradient&quot;}\">\n\t\t\t\t\t<div class=\"e-con-inner\">\n\t\t<div class=\"elementor-element elementor-element-b68d579 e-con-full e-flex e-con e-child\" data-id=\"b68d579\" data-element_type=\"container\" data-e-type=\"container\" data-settings=\"{&quot;background_background&quot;:&quot;classic&quot;}\">\n\t\t\t\t<div class=\"elementor-element elementor-element-6f603db elementor-widget elementor-widget-heading\" data-id=\"6f603db\" data-element_type=\"widget\" data-e-type=\"widget\" data-widget_type=\"heading.default\">\n\t\t\t\t<div class=\"elementor-widget-container\">\n\t\t\t\t\t<h2 class=\"elementor-heading-title elementor-size-default\">Susisiekime<\/h2>\t\t\t\t<\/div>\n\t\t\t\t<\/div>\n\t\t\t\t<div class=\"elementor-element elementor-element-ba0db8c elementor-widget__width-initial elementor-button-align-stretch elementor-widget elementor-widget-form\" data-id=\"ba0db8c\" data-element_type=\"widget\" data-e-type=\"widget\" data-settings=\"{&quot;step_next_label&quot;:&quot;Next&quot;,&quot;step_previous_label&quot;:&quot;Previous&quot;,&quot;button_width&quot;:&quot;100&quot;,&quot;step_type&quot;:&quot;number_text&quot;,&quot;step_icon_shape&quot;:&quot;circle&quot;}\" data-widget_type=\"form.default\">\n\t\t\t\t<div class=\"elementor-widget-container\">\n\t\t\t\t\t\t\t<form class=\"elementor-form\" method=\"post\" name=\"Susisiekite2\" aria-label=\"Susisiekite2\">\n\t\t\t<input type=\"hidden\" name=\"post_id\" value=\"985\"\/>\n\t\t\t<input type=\"hidden\" name=\"form_id\" value=\"ba0db8c\"\/>\n\t\t\t<input type=\"hidden\" name=\"referer_title\" value=\"Karjera - Guliverio akademija | Tarptautin\u0117 Australijos mokykla Vilniuje\" \/>\n\n\t\t\t\t\t\t\t<input type=\"hidden\" name=\"queried_id\" value=\"985\"\/>\n\t\t\t\n\t\t\t<div class=\"elementor-form-fields-wrapper elementor-labels-above\">\n\t\t\t\t\t\t\t\t<div class=\"elementor-field-type-text elementor-field-group elementor-column elementor-field-group-field_fdc1913 elementor-col-100 elementor-field-required\">\n\t\t\t\t\t\t\t\t\t\t\t\t<label for=\"form-field-field_fdc1913\" class=\"elementor-field-label\">\n\t\t\t\t\t\t\t\tVardas\t\t\t\t\t\t\t<\/label>\n\t\t\t\t\t\t\t\t\t\t\t\t\t\t<input size=\"1\" type=\"text\" name=\"form_fields[field_fdc1913]\" id=\"form-field-field_fdc1913\" class=\"elementor-field elementor-size-sm  elementor-field-textual\" required=\"required\">\n\t\t\t\t\t\t\t\t\t\t\t<\/div>\n\t\t\t\t\t\t\t\t<div class=\"elementor-field-type-email elementor-field-group elementor-column elementor-field-group-field_0fe875d elementor-col-100 elementor-field-required\">\n\t\t\t\t\t\t\t\t\t\t\t\t<label for=\"form-field-field_0fe875d\" class=\"elementor-field-label\">\n\t\t\t\t\t\t\t\tEl. pa\u0161tas\t\t\t\t\t\t\t<\/label>\n\t\t\t\t\t\t\t\t\t\t\t\t\t\t<input size=\"1\" type=\"email\" name=\"form_fields[field_0fe875d]\" id=\"form-field-field_0fe875d\" class=\"elementor-field elementor-size-sm  elementor-field-textual\" required=\"required\">\n\t\t\t\t\t\t\t\t\t\t\t<\/div>\n\t\t\t\t\t\t\t\t<div class=\"elementor-field-type-text elementor-field-group elementor-column elementor-field-group-field_b729c48 elementor-col-100 elementor-field-required\">\n\t\t\t\t\t\t\t\t\t\t\t\t<label for=\"form-field-field_b729c48\" class=\"elementor-field-label\">\n\t\t\t\t\t\t\t\tTel. numeris\t\t\t\t\t\t\t<\/label>\n\t\t\t\t\t\t\t\t\t\t\t\t\t\t<input size=\"1\" type=\"text\" name=\"form_fields[field_b729c48]\" id=\"form-field-field_b729c48\" class=\"elementor-field elementor-size-sm  elementor-field-textual\" required=\"required\">\n\t\t\t\t\t\t\t\t\t\t\t<\/div>\n\t\t\t\t\t\t\t\t<div class=\"elementor-field-type-textarea elementor-field-group elementor-column elementor-field-group-field_4ed4dde elementor-col-100 elementor-field-required\">\n\t\t\t\t\t\t\t\t\t\t\t\t<label for=\"form-field-field_4ed4dde\" class=\"elementor-field-label\">\n\t\t\t\t\t\t\t\t\u017dinut\u0117\t\t\t\t\t\t\t<\/label>\n\t\t\t\t\t\t<textarea class=\"elementor-field-textual elementor-field  elementor-size-sm\" name=\"form_fields[field_4ed4dde]\" id=\"form-field-field_4ed4dde\" rows=\"4\" required=\"required\"><\/textarea>\t\t\t\t<\/div>\n\t\t\t\t\t\t\t\t<div class=\"elementor-field-type-upload elementor-field-group elementor-column elementor-field-group-field_eca2309 elementor-col-100 elementor-field-required\">\n\t\t\t\t\t\t\t\t\t\t\t\t<label for=\"form-field-field_eca2309\" class=\"elementor-field-label\">\n\t\t\t\t\t\t\t\tGyvenimo apra\u0161ymas (CV)\t\t\t\t\t\t\t<\/label>\n\t\t\t\t\t\t\t\t<input type=\"file\" name=\"form_fields[field_eca2309][]\" id=\"form-field-field_eca2309\" class=\"elementor-field elementor-size-sm  elementor-upload-field\" required=\"required\" multiple=\"multiple\" data-maxsize=\"1\" data-maxsize-message=\"This file exceeds the maximum allowed size.\">\n\n\t\t\t\t\t\t<\/div>\n\t\t\t\t\t\t\t\t<div class=\"elementor-field-group elementor-column elementor-field-type-submit elementor-col-100 e-form__buttons\">\n\t\t\t\t\t<button class=\"elementor-button elementor-size-sm\" type=\"submit\" id=\"111\">\n\t\t\t\t\t\t<span class=\"elementor-button-content-wrapper\">\n\t\t\t\t\t\t\t\t\t\t\t\t\t\t\t\t\t\t\t\t\t\t<span class=\"elementor-button-text\">Si\u0173sti<\/span>\n\t\t\t\t\t\t\t\t\t\t\t\t\t<\/span>\n\t\t\t\t\t<\/button>\n\t\t\t\t<\/div>\n\t\t\t<\/div>\n\t\t<\/form>\n\t\t\t\t\t\t<\/div>\n\t\t\t\t<\/div>\n\t\t\t\t<\/div>\n\t\t\t\t\t<\/div>\n\t\t\t\t<\/div>\n\t\t\t\t<\/div>\n\t\t","protected":false},"excerpt":{"rendered":"<p>Mokymo galimyb\u0117s Prisijunkite prie unikalios tarptautin\u0117s \u0161vietimo organizacijos, kurioje pedagogai turi galimyb\u0119 augti ir tobul\u0117ti dirbdami pagal moderni\u0105, \u012f vaik\u0105 orientuot\u0105 ir tyrimais pagr\u012fst\u0105 Australijos ugdymo sistem\u0105. M\u016bs\u0173 po\u017ei\u016bris \u012f mokym\u0105: \u2022 Moksliniais tyrimais pagr\u012fsta pedagogika, orientuota \u012f vaiko individualius geb\u0117jimus ir savaranki\u0161kum\u0105. \u2022 Dvikalbis ugdymas \u2013 lietuvi\u0173 ir angl\u0173 kalbos laikomos pirmosiomis kalbomis, taikomos [&hellip;]<\/p>\n","protected":false},"author":137966491,"featured_media":0,"parent":0,"menu_order":0,"comment_status":"closed","ping_status":"closed","template":"","meta":{"_crdt_document":"","footnotes":""},"class_list":["post-985","page","type-page","status-publish","hentry"],"jetpack_likes_enabled":true,"jetpack_sharing_enabled":true,"jetpack_shortlink":"https:\/\/wp.me\/Pgq4VZ-fT","jetpack-related-posts":[{"id":147,"url":"https:\/\/guliverioakademija.lt\/en\/","url_meta":{"origin":985,"position":0},"title":"Home LT","author":"Jonas Gustainis","date":"2025-05-05","format":false,"excerpt":"Guliverio akademija - Australijos tarptautin\u0117 mokykla Vilniuje Vertyb\u0117s mus vienija, o pa\u017einimas \u012fkvepia\u201eGuliverio akademija\u201c \u2013 tai Vakar\u0173 Australijos tarptautin\u0117 mokykla Vilniuje. Tai privati mokykla, kurioje modernus po\u017ei\u016bris \u012f mokym\u0105si dera su pozityvi\u0105ja psichologija ir dvikalbiu ugdymu.Remdamiesi Tavistock\u2019o grupi\u0173 santyki\u0173 modeliu, ugdome mokini\u0173 geb\u0117jim\u0105 bendradarbiauti, stipriname emocin\u012f intelekt\u0105 ir skatiname s\u0105moningum\u0105.\u2026","rel":"","context":"Similar post","block_context":{"text":"Similar post","link":""},"img":{"alt_text":"Stephen Lee R\u016bta Gustainien\u0117 vilnius international school","src":"https:\/\/i0.wp.com\/guliverioakademija.lt\/wp-content\/uploads\/2025\/06\/direktoriai.jpg?resize=350%2C200&ssl=1","width":350,"height":200,"srcset":"https:\/\/i0.wp.com\/guliverioakademija.lt\/wp-content\/uploads\/2025\/06\/direktoriai.jpg?resize=350%2C200&ssl=1 1x, https:\/\/i0.wp.com\/guliverioakademija.lt\/wp-content\/uploads\/2025\/06\/direktoriai.jpg?resize=525%2C300&ssl=1 1.5x, https:\/\/i0.wp.com\/guliverioakademija.lt\/wp-content\/uploads\/2025\/06\/direktoriai.jpg?resize=700%2C400&ssl=1 2x"},"classes":[]},{"id":711,"url":"https:\/\/guliverioakademija.lt\/en\/mokyklos-vadovai\/","url_meta":{"origin":985,"position":1},"title":"Co-principles","author":"Jonas Gustainis","date":"2025-06-20","format":false,"excerpt":"Nuo kabineto iki klas\u0117s \u201eGuliverio akademija\u201c buvo \u012fkurta 2017 m. dviej\u0173 profesional\u0173 \u2013 Stephen\u2019o George\u2019o Lee ir R\u016btos Gustainien\u0117s \u2013 siekiant sukurti mokykl\u0105, kurioje vaikai augt\u0173 kaip savaranki\u0161ki, m\u0105stantys ir atsakingi mokiniai. Abu \u012fk\u016br\u0117jai aktyviai vadovauja mokyklai \u2013 ne tik priima strateginius sprendimus, bet ir dalyvauja ugdymo procese: moko, konsultuoja,\u2026","rel":"","context":"Similar post","block_context":{"text":"Similar post","link":""},"img":{"alt_text":"","src":"https:\/\/i0.wp.com\/guliverioakademija.lt\/wp-content\/uploads\/2025\/06\/DSC3123-1024x683.jpg?resize=350%2C200&ssl=1","width":350,"height":200,"srcset":"https:\/\/i0.wp.com\/guliverioakademija.lt\/wp-content\/uploads\/2025\/06\/DSC3123-1024x683.jpg?resize=350%2C200&ssl=1 1x, https:\/\/i0.wp.com\/guliverioakademija.lt\/wp-content\/uploads\/2025\/06\/DSC3123-1024x683.jpg?resize=525%2C300&ssl=1 1.5x, https:\/\/i0.wp.com\/guliverioakademija.lt\/wp-content\/uploads\/2025\/06\/DSC3123-1024x683.jpg?resize=700%2C400&ssl=1 2x"},"classes":[]},{"id":173,"url":"https:\/\/guliverioakademija.lt\/en\/metodas\/","url_meta":{"origin":985,"position":2},"title":"Method","author":"Jonas Gustainis","date":"2025-05-05","format":false,"excerpt":"Grupi\u0173 santyki\u0173 metodasTai metodas, nagrin\u0117jantis, kaip \u017emon\u0117s s\u0105veikauja grup\u0117se, kokius vaidmenis jie prisiima, kaip grup\u0117s strukt\u016bros veikia elgsen\u0105 bei kok\u012f poveik\u012f grup\u0117s elgesys daro asmeniui ir kolektyvui. Abu m\u016bs\u0173 mokyklos vadovai studijavo Tavistock\u2018o \u017emogi\u0161k\u0173j\u0173 santyki\u0173 institute (Tavistock Institute of Human Relations) ir yra patyr\u0119 \u0161io metodo praktikai.Grupi\u0173 santyki\u0173 teorija taikoma\u2026","rel":"","context":"Similar post","block_context":{"text":"Similar post","link":""},"img":{"alt_text":"","src":"","width":0,"height":0},"classes":[]},{"id":163,"url":"https:\/\/guliverioakademija.lt\/en\/programa\/","url_meta":{"origin":985,"position":3},"title":"Curriculum","author":"Jonas Gustainis","date":"2025-05-05","format":false,"excerpt":"Dvikalb\u0117 kelion\u0117 \u017einiomis \u2013 nuo Lietuvos \u0161akn\u0173 iki pasaulio horizont\u0173 Pagrindin\u0117 programaIlgiau nei numatyta Lietuvos \u0161vietimo sistemoje trunkanti \u201eGuliverio akademijos\u201d pradinio ugdymo programa suteikia tvirtus pagrindus tolesniam specializuot\u0173 dalyk\u0173 mokymuisi pagrindinio ugdymo etape.Pri\u0117mimus \u012f visas klases vykdome nuo rugs\u0117jo 1 d. arba met\u0173 eigoje, individualiai \u012fvertinus kiekvien\u0105 atvej\u012f.Pri\u0117mimai \u012f visas\u2026","rel":"","context":"Similar post","block_context":{"text":"Similar post","link":""},"img":{"alt_text":"","src":"https:\/\/i0.wp.com\/guliverioakademija.lt\/wp-content\/uploads\/2025\/05\/Screenshot-2025-05-24-at-9.23.58%E2%80%AFPM.png?resize=350%2C200&ssl=1","width":350,"height":200,"srcset":"https:\/\/i0.wp.com\/guliverioakademija.lt\/wp-content\/uploads\/2025\/05\/Screenshot-2025-05-24-at-9.23.58%E2%80%AFPM.png?resize=350%2C200&ssl=1 1x, https:\/\/i0.wp.com\/guliverioakademija.lt\/wp-content\/uploads\/2025\/05\/Screenshot-2025-05-24-at-9.23.58%E2%80%AFPM.png?resize=525%2C300&ssl=1 1.5x"},"classes":[]},{"id":779,"url":"https:\/\/guliverioakademija.lt\/en\/mokytojai\/","url_meta":{"origin":985,"position":4},"title":"Teachers","author":"Jonas Gustainis","date":"2025-06-27","format":false,"excerpt":"\u201e\u0160vietimas nepakei\u010dia pasaulio. \u0160vietimas pakei\u010dia \u017emones. \u017dmon\u0117s pakei\u010dia pasaul\u012f.\u201c\u2014 Paulo Freire M\u016bs\u0173 mokytojai\u201eGuliverio akademijoje\u201c mokytojai yra poky\u010di\u0173 \u012fkv\u0117p\u0117jai. Mokiniai augdami kei\u010diasi, o mokytojo vaidmuo \u2013 r\u016bpestingai ir \u012f\u017evalgiai juos lyd\u0117ti, \u012fkv\u0117pti ir skatinti.\u00a0S\u0117kmingas mokymas ne\u012fmanomas be nuolatinio mokymosi. M\u016bs\u0173 pedagogai \u2013 savo patirt\u012f reflektuojantys praktikai, nuolat tobul\u0117jantys tiek asmeni\u0161kai, tiek\u2026","rel":"","context":"Similar post","block_context":{"text":"Similar post","link":""},"img":{"alt_text":"","src":"https:\/\/i0.wp.com\/guliverioakademija.lt\/wp-content\/uploads\/2025\/06\/DSC3255-1024x683.jpg?resize=350%2C200&ssl=1","width":350,"height":200,"srcset":"https:\/\/i0.wp.com\/guliverioakademija.lt\/wp-content\/uploads\/2025\/06\/DSC3255-1024x683.jpg?resize=350%2C200&ssl=1 1x, https:\/\/i0.wp.com\/guliverioakademija.lt\/wp-content\/uploads\/2025\/06\/DSC3255-1024x683.jpg?resize=525%2C300&ssl=1 1.5x, https:\/\/i0.wp.com\/guliverioakademija.lt\/wp-content\/uploads\/2025\/06\/DSC3255-1024x683.jpg?resize=700%2C400&ssl=1 2x"},"classes":[]},{"id":664,"url":"https:\/\/guliverioakademija.lt\/en\/privatumo-politika\/","url_meta":{"origin":985,"position":5},"title":"Privacy Policy","author":"Jonas Gustainis","date":"2025-06-19","format":false,"excerpt":"Galioja nuo: 2025-06-19 Paskutin\u012f kart\u0105 atnaujinta: 2025-06-19 \u0160iame dokumente pateikiama informacija apie tai, kaip UAB \u201eGuliverio akademija\u201c, \u012fmon\u0117s kodas: 304493294, buvein\u0117s adresas: Gedimino pr. 12, Vilnius, Lietuva (toliau \u2013 Mokykla, mes, duomen\u0173 valdytojas) tvarko asmens duomenis laikydamasi Bendrojo duomen\u0173 apsaugos reglamento (BDAR) ir kit\u0173 taikom\u0173 teis\u0117s akt\u0173. 1. Kokiais tikslais\u2026","rel":"","context":"Similar post","block_context":{"text":"Similar post","link":""},"img":{"alt_text":"","src":"","width":0,"height":0},"classes":[]}],"_links":{"self":[{"href":"https:\/\/guliverioakademija.lt\/en\/wp-json\/wp\/v2\/pages\/985","targetHints":{"allow":["GET"]}}],"collection":[{"href":"https:\/\/guliverioakademija.lt\/en\/wp-json\/wp\/v2\/pages"}],"about":[{"href":"https:\/\/guliverioakademija.lt\/en\/wp-json\/wp\/v2\/types\/page"}],"author":[{"embeddable":true,"href":"https:\/\/guliverioakademija.lt\/en\/wp-json\/wp\/v2\/users\/137966491"}],"replies":[{"embeddable":true,"href":"https:\/\/guliverioakademija.lt\/en\/wp-json\/wp\/v2\/comments?post=985"}],"version-history":[{"count":16,"href":"https:\/\/guliverioakademija.lt\/en\/wp-json\/wp\/v2\/pages\/985\/revisions"}],"predecessor-version":[{"id":1039,"href":"https:\/\/guliverioakademija.lt\/en\/wp-json\/wp\/v2\/pages\/985\/revisions\/1039"}],"wp:attachment":[{"href":"https:\/\/guliverioakademija.lt\/en\/wp-json\/wp\/v2\/media?parent=985"}],"curies":[{"name":"wp","href":"https:\/\/api.w.org\/{rel}","templated":true}]}}