{"id":779,"date":"2025-06-27T12:04:47","date_gmt":"2025-06-27T09:04:47","guid":{"rendered":"https:\/\/guliverioakademija.lt\/?page_id=779"},"modified":"2025-09-03T15:13:26","modified_gmt":"2025-09-03T12:13:26","slug":"mokytojai","status":"publish","type":"page","link":"https:\/\/guliverioakademija.lt\/en\/mokytojai\/","title":{"rendered":"Teachers"},"content":{"rendered":"<div data-elementor-type=\"wp-page\" data-elementor-id=\"779\" class=\"elementor elementor-779\" data-elementor-post-type=\"page\">\n\t\t\t\t<div class=\"elementor-element elementor-element-74d4e9ed e-flex e-con-boxed e-con e-parent\" data-id=\"74d4e9ed\" data-element_type=\"container\" data-e-type=\"container\">\n\t\t\t\t\t<div class=\"e-con-inner\">\n\t\t<div class=\"elementor-element elementor-element-6e4bc55 e-con-full e-flex e-con e-child\" data-id=\"6e4bc55\" data-element_type=\"container\" data-e-type=\"container\">\n\t\t\t\t<div class=\"elementor-element elementor-element-8ba6de9 elementor-widget elementor-widget-text-editor\" data-id=\"8ba6de9\" data-element_type=\"widget\" data-e-type=\"widget\" data-widget_type=\"text-editor.default\">\n\t\t\t\t<div class=\"elementor-widget-container\">\n\t\t\t\t\t\t\t\t\t<h4 style=\"text-align: center;\"><strong><em>\u201cEducation does not change the world, Education changes people. People change the world.\"<br data-start=\"84\" data-end=\"87\" \/><\/em><\/strong><\/h4><h4 style=\"text-align: center;\">\u2014 Paulo Freire<\/h4>\t\t\t\t\t\t\t\t<\/div>\n\t\t\t\t<\/div>\n\t\t\t\t<\/div>\n\t\t<div class=\"elementor-element elementor-element-dd7552d e-con-full e-flex e-con e-child\" data-id=\"dd7552d\" data-element_type=\"container\" data-e-type=\"container\">\n\t\t\t\t<div class=\"elementor-element elementor-element-e579c16 elementor-widget elementor-widget-image\" data-id=\"e579c16\" data-element_type=\"widget\" data-e-type=\"widget\" data-widget_type=\"image.default\">\n\t\t\t\t<div class=\"elementor-widget-container\">\n\t\t\t\t\t\t\t\t\t\t\t\t\t\t\t<img fetchpriority=\"high\" decoding=\"async\" data-attachment-id=\"787\" data-permalink=\"https:\/\/guliverioakademija.lt\/en\/mokytojai\/_dsc3255\/\" data-orig-file=\"https:\/\/i0.wp.com\/guliverioakademija.lt\/wp-content\/uploads\/2025\/06\/DSC3255.jpg?fit=6000%2C4000&amp;ssl=1\" data-orig-size=\"6000,4000\" data-comments-opened=\"1\" data-image-meta=\"{&quot;aperture&quot;:&quot;4.5&quot;,&quot;credit&quot;:&quot;&quot;,&quot;camera&quot;:&quot;ILCE-7M3&quot;,&quot;caption&quot;:&quot;&quot;,&quot;created_timestamp&quot;:&quot;1748872280&quot;,&quot;copyright&quot;:&quot;&quot;,&quot;focal_length&quot;:&quot;48&quot;,&quot;iso&quot;:&quot;5000&quot;,&quot;shutter_speed&quot;:&quot;0.00625&quot;,&quot;title&quot;:&quot;&quot;,&quot;orientation&quot;:&quot;1&quot;}\" data-image-title=\"_DSC3255\" data-image-description=\"\" data-image-caption=\"\" data-large-file=\"https:\/\/i0.wp.com\/guliverioakademija.lt\/wp-content\/uploads\/2025\/06\/DSC3255.jpg?fit=800%2C534&amp;ssl=1\" width=\"800\" height=\"534\" src=\"https:\/\/i0.wp.com\/guliverioakademija.lt\/wp-content\/uploads\/2025\/06\/DSC3255.jpg?fit=800%2C534&amp;ssl=1\" class=\"attachment-large size-large wp-image-787\" alt=\"\" srcset=\"https:\/\/i0.wp.com\/guliverioakademija.lt\/wp-content\/uploads\/2025\/06\/DSC3255.jpg?w=6000&amp;ssl=1 6000w, https:\/\/i0.wp.com\/guliverioakademija.lt\/wp-content\/uploads\/2025\/06\/DSC3255.jpg?resize=300%2C200&amp;ssl=1 300w, https:\/\/i0.wp.com\/guliverioakademija.lt\/wp-content\/uploads\/2025\/06\/DSC3255.jpg?resize=1024%2C683&amp;ssl=1 1024w, https:\/\/i0.wp.com\/guliverioakademija.lt\/wp-content\/uploads\/2025\/06\/DSC3255.jpg?resize=768%2C512&amp;ssl=1 768w, https:\/\/i0.wp.com\/guliverioakademija.lt\/wp-content\/uploads\/2025\/06\/DSC3255.jpg?resize=1536%2C1024&amp;ssl=1 1536w, https:\/\/i0.wp.com\/guliverioakademija.lt\/wp-content\/uploads\/2025\/06\/DSC3255.jpg?resize=2048%2C1365&amp;ssl=1 2048w, https:\/\/i0.wp.com\/guliverioakademija.lt\/wp-content\/uploads\/2025\/06\/DSC3255.jpg?w=1600&amp;ssl=1 1600w, https:\/\/i0.wp.com\/guliverioakademija.lt\/wp-content\/uploads\/2025\/06\/DSC3255.jpg?w=2400&amp;ssl=1 2400w\" sizes=\"(max-width: 800px) 100vw, 800px\" \/>\t\t\t\t\t\t\t\t\t\t\t\t\t\t\t<\/div>\n\t\t\t\t<\/div>\n\t\t\t\t<\/div>\n\t\t\t\t<div class=\"elementor-element elementor-element-57265e73 elementor-widget elementor-widget-text-editor\" data-id=\"57265e73\" data-element_type=\"widget\" data-e-type=\"widget\" data-widget_type=\"text-editor.default\">\n\t\t\t\t<div class=\"elementor-widget-container\">\n\t\t\t\t\t\t\t\t\t<h2>Our Teachers<\/h2><div>At Guliverio Akademija, teachers are the catalysts of change. As students grow, they transform, and the teacher\u2019s role is to accompany them with care and insight, to inspire and to encourage.<\/div><div>\u00a0<\/div><div>Successful teaching is impossible without continuous learning. Our educators are reflective practitioners who are constantly developing both personally and professionally. They actively explore new methodologies while teaching under the internationally recognized Western Australian curriculum. Many also study pedagogy or deepen their expertise through courses, seminars, and professional training.<\/div><div>\u00a0<\/div><div>Students naturally gravitate toward teachers who embody their values \u2013 genuine and dedicated educators who live and breathe education with passion and commitment. This spirit of authenticity builds trust and invites students to follow their example.<\/div><div>\u00a0<\/div><div>Our teaching team is a dynamic blend of experienced leaders, young specialists, and trainees, representing a healthy balance of ages, genders, and cultural perspectives. Together, they become strong, inspiring, and approachable role models for every student entrusted to our care.<\/div>\t\t\t\t\t\t\t\t<\/div>\n\t\t\t\t<\/div>\n\t\t\t\t\t<\/div>\n\t\t\t\t<\/div>\n\t\t\t\t<\/div>","protected":false},"excerpt":{"rendered":"<p>\u201e\u0160vietimas nepakei\u010dia pasaulio. \u0160vietimas pakei\u010dia \u017emones. \u017dmon\u0117s pakei\u010dia pasaul\u012f.\u201c \u2014 Paulo Freire M\u016bs\u0173 mokytojai \u201eGuliverio akademijoje\u201c mokytojai yra poky\u010di\u0173 \u012fkv\u0117p\u0117jai. Mokiniai augdami kei\u010diasi, o mokytojo vaidmuo \u2013 r\u016bpestingai ir \u012f\u017evalgiai juos lyd\u0117ti, \u012fkv\u0117pti ir skatinti.\u00a0S\u0117kmingas mokymas ne\u012fmanomas be nuolatinio mokymosi. M\u016bs\u0173 pedagogai \u2013 savo patirt\u012f reflektuojantys praktikai, nuolat tobul\u0117jantys tiek asmeni\u0161kai, tiek profesi\u0161kai. Jie aktyviai [&hellip;]<\/p>\n","protected":false},"author":137966491,"featured_media":0,"parent":0,"menu_order":0,"comment_status":"closed","ping_status":"closed","template":"","meta":{"_crdt_document":"","footnotes":""},"class_list":["post-779","page","type-page","status-publish","hentry"],"jetpack_likes_enabled":true,"jetpack_sharing_enabled":true,"jetpack_shortlink":"https:\/\/wp.me\/Pgq4VZ-cz","jetpack-related-posts":[{"id":711,"url":"https:\/\/guliverioakademija.lt\/en\/mokyklos-vadovai\/","url_meta":{"origin":779,"position":0},"title":"Co-principles","author":"Jonas Gustainis","date":"2025-06-20","format":false,"excerpt":"Nuo kabineto iki klas\u0117s \u201eGuliverio akademija\u201c buvo \u012fkurta 2017 m. dviej\u0173 profesional\u0173 \u2013 Stephen\u2019o George\u2019o Lee ir R\u016btos Gustainien\u0117s \u2013 siekiant sukurti mokykl\u0105, kurioje vaikai augt\u0173 kaip savaranki\u0161ki, m\u0105stantys ir atsakingi mokiniai. Abu \u012fk\u016br\u0117jai aktyviai vadovauja mokyklai \u2013 ne tik priima strateginius sprendimus, bet ir dalyvauja ugdymo procese: moko, konsultuoja,\u2026","rel":"","context":"Similar post","block_context":{"text":"Similar post","link":""},"img":{"alt_text":"","src":"https:\/\/i0.wp.com\/guliverioakademija.lt\/wp-content\/uploads\/2025\/06\/DSC3123-1024x683.jpg?resize=350%2C200&ssl=1","width":350,"height":200,"srcset":"https:\/\/i0.wp.com\/guliverioakademija.lt\/wp-content\/uploads\/2025\/06\/DSC3123-1024x683.jpg?resize=350%2C200&ssl=1 1x, https:\/\/i0.wp.com\/guliverioakademija.lt\/wp-content\/uploads\/2025\/06\/DSC3123-1024x683.jpg?resize=525%2C300&ssl=1 1.5x, https:\/\/i0.wp.com\/guliverioakademija.lt\/wp-content\/uploads\/2025\/06\/DSC3123-1024x683.jpg?resize=700%2C400&ssl=1 2x"},"classes":[]},{"id":163,"url":"https:\/\/guliverioakademija.lt\/en\/programa\/","url_meta":{"origin":779,"position":1},"title":"Curriculum","author":"Jonas Gustainis","date":"2025-05-05","format":false,"excerpt":"Dvikalb\u0117 kelion\u0117 \u017einiomis \u2013 nuo Lietuvos \u0161akn\u0173 iki pasaulio horizont\u0173 Pagrindin\u0117 programaIlgiau nei numatyta Lietuvos \u0161vietimo sistemoje trunkanti \u201eGuliverio akademijos\u201d pradinio ugdymo programa suteikia tvirtus pagrindus tolesniam specializuot\u0173 dalyk\u0173 mokymuisi pagrindinio ugdymo etape.Pri\u0117mimus \u012f visas klases vykdome nuo rugs\u0117jo 1 d. arba met\u0173 eigoje, individualiai \u012fvertinus kiekvien\u0105 atvej\u012f.Pri\u0117mimai \u012f visas\u2026","rel":"","context":"Similar post","block_context":{"text":"Similar post","link":""},"img":{"alt_text":"","src":"https:\/\/i0.wp.com\/guliverioakademija.lt\/wp-content\/uploads\/2025\/05\/Screenshot-2025-05-24-at-9.23.58%E2%80%AFPM.png?resize=350%2C200&ssl=1","width":350,"height":200,"srcset":"https:\/\/i0.wp.com\/guliverioakademija.lt\/wp-content\/uploads\/2025\/05\/Screenshot-2025-05-24-at-9.23.58%E2%80%AFPM.png?resize=350%2C200&ssl=1 1x, https:\/\/i0.wp.com\/guliverioakademija.lt\/wp-content\/uploads\/2025\/05\/Screenshot-2025-05-24-at-9.23.58%E2%80%AFPM.png?resize=525%2C300&ssl=1 1.5x"},"classes":[]},{"id":173,"url":"https:\/\/guliverioakademija.lt\/en\/metodas\/","url_meta":{"origin":779,"position":2},"title":"Method","author":"Jonas Gustainis","date":"2025-05-05","format":false,"excerpt":"Grupi\u0173 santyki\u0173 teorijaGrupi\u0173 santyki\u0173 teorija \u2013 tai studij\u0173 sritis, nagrin\u0117janti, kaip \u017emon\u0117s s\u0105veikauja grup\u0117se, kokius vaidmenis jie prisiima, kaip grup\u0117s strukt\u016bros veikia elgsen\u0105 bei kok\u012f poveik\u012f grupinis elgesys daro asmeniui ir kolektyvui. Abu m\u016bs\u0173 mokyklos vadovai studijavo Tavistock Institute (London) ir yra patyr\u0119 \u0161io modelio praktikai. Direktor\u0117 R\u016bta \u012fgijo psichoterapijos\u2026","rel":"","context":"Similar post","block_context":{"text":"Similar post","link":""},"img":{"alt_text":"","src":"","width":0,"height":0},"classes":[]},{"id":383,"url":"https:\/\/guliverioakademija.lt\/en\/priemimas-2\/","url_meta":{"origin":779,"position":3},"title":"Enrolment","author":"Jonas Gustainis","date":"2025-05-22","format":false,"excerpt":"Atraskite kitoki\u0105 mokykl\u0105 \u00a0 D\u017eiaugiam\u0117s, kad domit\u0117s m\u016bs\u0173 mokykla. Esame \u0161iuolaiki\u0161ka tarptautin\u0117 mokykla Vilniuje, kurioje susijungia Australijos ir Lietuvos \u0161vietimo patirtys. Dvikalbis ugdymas, emocinio intelekto lavinimas ir kokybi\u0161kas mokymas padeda mums ruo\u0161ti mokinius ne tik akademiniams pasiekimams, bet ir gyvenimui. Mokinius priimame visus metus ir nuo pirmojo kontakto siekiame, kad\u2026","rel":"","context":"Similar post","block_context":{"text":"Similar post","link":""},"img":{"alt_text":"","src":"https:\/\/i0.wp.com\/guliverioakademija.lt\/wp-content\/uploads\/2025\/05\/Screenshot-2025-05-24-at-9.23.58%E2%80%AFPM.png?resize=350%2C200&ssl=1","width":350,"height":200,"srcset":"https:\/\/i0.wp.com\/guliverioakademija.lt\/wp-content\/uploads\/2025\/05\/Screenshot-2025-05-24-at-9.23.58%E2%80%AFPM.png?resize=350%2C200&ssl=1 1x, https:\/\/i0.wp.com\/guliverioakademija.lt\/wp-content\/uploads\/2025\/05\/Screenshot-2025-05-24-at-9.23.58%E2%80%AFPM.png?resize=525%2C300&ssl=1 1.5x"},"classes":[]},{"id":147,"url":"https:\/\/guliverioakademija.lt\/en\/","url_meta":{"origin":779,"position":4},"title":"Home LT","author":"Jonas Gustainis","date":"2025-05-05","format":false,"excerpt":"Guliverio akademija - Australijos tarptautin\u0117 mokykla Vilniuje Vertyb\u0117s mus vienija, o pa\u017einimas \u012fkvepia\u201eGuliverio akademija\u201c \u2013 tai Vakar\u0173 Australijos tarptautin\u0117 mokykla Vilniuje. Tai privati mokykla, kurioje modernus po\u017ei\u016bris \u012f mokym\u0105si dera su pozityvi\u0105ja psichologija ir dvikalbiu ugdymu.Remdamiesi Tavistock\u2019o grupi\u0173 santyki\u0173 modeliu, ugdome mokini\u0173 geb\u0117jim\u0105 bendradarbiauti, stipriname emocin\u012f intelekt\u0105 ir skatiname s\u0105moningum\u0105.\u2026","rel":"","context":"Similar post","block_context":{"text":"Similar post","link":""},"img":{"alt_text":"Stephen Lee R\u016bta Gustainien\u0117 vilnius international school","src":"https:\/\/i0.wp.com\/guliverioakademija.lt\/wp-content\/uploads\/2025\/06\/direktoriai.jpg?resize=350%2C200&ssl=1","width":350,"height":200,"srcset":"https:\/\/i0.wp.com\/guliverioakademija.lt\/wp-content\/uploads\/2025\/06\/direktoriai.jpg?resize=350%2C200&ssl=1 1x, https:\/\/i0.wp.com\/guliverioakademija.lt\/wp-content\/uploads\/2025\/06\/direktoriai.jpg?resize=525%2C300&ssl=1 1.5x, https:\/\/i0.wp.com\/guliverioakademija.lt\/wp-content\/uploads\/2025\/06\/direktoriai.jpg?resize=700%2C400&ssl=1 2x"},"classes":[]}],"_links":{"self":[{"href":"https:\/\/guliverioakademija.lt\/en\/wp-json\/wp\/v2\/pages\/779","targetHints":{"allow":["GET"]}}],"collection":[{"href":"https:\/\/guliverioakademija.lt\/en\/wp-json\/wp\/v2\/pages"}],"about":[{"href":"https:\/\/guliverioakademija.lt\/en\/wp-json\/wp\/v2\/types\/page"}],"author":[{"embeddable":true,"href":"https:\/\/guliverioakademija.lt\/en\/wp-json\/wp\/v2\/users\/137966491"}],"replies":[{"embeddable":true,"href":"https:\/\/guliverioakademija.lt\/en\/wp-json\/wp\/v2\/comments?post=779"}],"version-history":[{"count":17,"href":"https:\/\/guliverioakademija.lt\/en\/wp-json\/wp\/v2\/pages\/779\/revisions"}],"predecessor-version":[{"id":916,"href":"https:\/\/guliverioakademija.lt\/en\/wp-json\/wp\/v2\/pages\/779\/revisions\/916"}],"wp:attachment":[{"href":"https:\/\/guliverioakademija.lt\/en\/wp-json\/wp\/v2\/media?parent=779"}],"curies":[{"name":"wp","href":"https:\/\/api.w.org\/{rel}","templated":true}]}}