{"id":711,"date":"2025-06-20T21:15:36","date_gmt":"2025-06-20T18:15:36","guid":{"rendered":"https:\/\/guliverioakademija.lt\/?page_id=711"},"modified":"2025-08-12T21:25:08","modified_gmt":"2025-08-12T18:25:08","slug":"mokyklos-vadovai","status":"publish","type":"page","link":"https:\/\/guliverioakademija.lt\/en\/mokyklos-vadovai\/","title":{"rendered":"Co-principles"},"content":{"rendered":"<div data-elementor-type=\"wp-page\" data-elementor-id=\"711\" class=\"elementor elementor-711\" data-elementor-post-type=\"page\">\n\t\t\t\t<div class=\"elementor-element elementor-element-c5bf4b7 e-flex e-con-boxed e-con e-parent\" data-id=\"c5bf4b7\" data-element_type=\"container\" data-e-type=\"container\">\n\t\t\t\t\t<div class=\"e-con-inner\">\n\t\t\t\t<div class=\"elementor-element elementor-element-735e627 elementor-widget elementor-widget-heading\" data-id=\"735e627\" data-element_type=\"widget\" data-e-type=\"widget\" data-widget_type=\"heading.default\">\n\t\t\t\t<div class=\"elementor-widget-container\">\n\t\t\t\t\t<h2 class=\"elementor-heading-title elementor-size-default\">From Office to Classroom<\/h2>\t\t\t\t<\/div>\n\t\t\t\t<\/div>\n\t\t\t\t\t<\/div>\n\t\t\t\t<\/div>\n\t\t<div class=\"elementor-element elementor-element-d757f41 e-flex e-con-boxed e-con e-parent\" data-id=\"d757f41\" data-element_type=\"container\" data-e-type=\"container\">\n\t\t\t\t\t<div class=\"e-con-inner\">\n\t\t\t\t<div class=\"elementor-element elementor-element-69e0c6f elementor-widget elementor-widget-text-editor\" data-id=\"69e0c6f\" data-element_type=\"widget\" data-e-type=\"widget\" data-widget_type=\"text-editor.default\">\n\t\t\t\t<div class=\"elementor-widget-container\">\n\t\t\t\t\t\t\t\t\t<p>Guliverio Akademija was founded in 2017 by two professionals \u2013 Stephen George Lee and R\u016bta Gustainien\u0117 \u2013 with the goal of creating a school where children grow as independent, thoughtful, and responsible learners. Both founders are actively involved in leading the school \u2013 not only making strategic decisions but also taking part in the educational process: teaching, consulting, and building the community. Their experience spans education management, psychology, leadership, and organizational dynamics \u2013 all of which are reflected in the school\u2019s daily life.<\/p>\t\t\t\t\t\t\t\t<\/div>\n\t\t\t\t<\/div>\n\t\t\t\t\t<\/div>\n\t\t\t\t<\/div>\n\t\t<div class=\"elementor-element elementor-element-01f8fd0 e-flex e-con-boxed e-con e-parent\" data-id=\"01f8fd0\" data-element_type=\"container\" data-e-type=\"container\">\n\t\t\t\t\t<div class=\"e-con-inner\">\n\t\t\t\t<div class=\"elementor-element elementor-element-e6243c2 elementor-widget elementor-widget-image\" data-id=\"e6243c2\" data-element_type=\"widget\" data-e-type=\"widget\" data-widget_type=\"image.default\">\n\t\t\t\t<div class=\"elementor-widget-container\">\n\t\t\t\t\t\t\t\t\t\t\t\t\t\t\t<img fetchpriority=\"high\" decoding=\"async\" data-attachment-id=\"678\" data-permalink=\"https:\/\/guliverioakademija.lt\/en\/vertybes\/_dsc3123\/\" data-orig-file=\"https:\/\/i0.wp.com\/guliverioakademija.lt\/wp-content\/uploads\/2025\/06\/DSC3123.jpg?fit=6000%2C4000&amp;ssl=1\" data-orig-size=\"6000,4000\" data-comments-opened=\"1\" data-image-meta=\"{&quot;aperture&quot;:&quot;5.6&quot;,&quot;credit&quot;:&quot;&quot;,&quot;camera&quot;:&quot;ILCE-7M3&quot;,&quot;caption&quot;:&quot;&quot;,&quot;created_timestamp&quot;:&quot;1748870516&quot;,&quot;copyright&quot;:&quot;&quot;,&quot;focal_length&quot;:&quot;70&quot;,&quot;iso&quot;:&quot;10000&quot;,&quot;shutter_speed&quot;:&quot;0.00625&quot;,&quot;title&quot;:&quot;&quot;,&quot;orientation&quot;:&quot;1&quot;}\" data-image-title=\"_DSC3123\" data-image-description=\"\" data-image-caption=\"\" data-large-file=\"https:\/\/i0.wp.com\/guliverioakademija.lt\/wp-content\/uploads\/2025\/06\/DSC3123.jpg?fit=800%2C534&amp;ssl=1\" width=\"800\" height=\"534\" src=\"https:\/\/i0.wp.com\/guliverioakademija.lt\/wp-content\/uploads\/2025\/06\/DSC3123.jpg?fit=800%2C534&amp;ssl=1\" class=\"attachment-large size-large wp-image-678\" alt=\"septhen lee director of guliverio akademija\" srcset=\"https:\/\/i0.wp.com\/guliverioakademija.lt\/wp-content\/uploads\/2025\/06\/DSC3123.jpg?w=6000&amp;ssl=1 6000w, https:\/\/i0.wp.com\/guliverioakademija.lt\/wp-content\/uploads\/2025\/06\/DSC3123.jpg?resize=300%2C200&amp;ssl=1 300w, https:\/\/i0.wp.com\/guliverioakademija.lt\/wp-content\/uploads\/2025\/06\/DSC3123.jpg?resize=1024%2C683&amp;ssl=1 1024w, https:\/\/i0.wp.com\/guliverioakademija.lt\/wp-content\/uploads\/2025\/06\/DSC3123.jpg?resize=768%2C512&amp;ssl=1 768w, https:\/\/i0.wp.com\/guliverioakademija.lt\/wp-content\/uploads\/2025\/06\/DSC3123.jpg?resize=1536%2C1024&amp;ssl=1 1536w, https:\/\/i0.wp.com\/guliverioakademija.lt\/wp-content\/uploads\/2025\/06\/DSC3123.jpg?resize=2048%2C1365&amp;ssl=1 2048w, https:\/\/i0.wp.com\/guliverioakademija.lt\/wp-content\/uploads\/2025\/06\/DSC3123.jpg?w=1600&amp;ssl=1 1600w, https:\/\/i0.wp.com\/guliverioakademija.lt\/wp-content\/uploads\/2025\/06\/DSC3123.jpg?w=2400&amp;ssl=1 2400w\" sizes=\"(max-width: 800px) 100vw, 800px\" \/>\t\t\t\t\t\t\t\t\t\t\t\t\t\t\t<\/div>\n\t\t\t\t<\/div>\n\t\t\t\t<div class=\"elementor-element elementor-element-674ead0 elementor-widget elementor-widget-text-editor\" data-id=\"674ead0\" data-element_type=\"widget\" data-e-type=\"widget\" data-widget_type=\"text-editor.default\">\n\t\t\t\t<div class=\"elementor-widget-container\">\n\t\t\t\t\t\t\t\t\t<h4><strong>Stephen George Lee<\/strong><\/h4><p><strong>Director, Co-founder<\/strong><\/p><p>\u00a0<\/p><p>A long-serving Australian educator with more than 40 years of teaching experience. For 20 of those years, he served as a school principal, and for 7 years he was the executive director of an education network uniting 7 schools. He has also founded 3 schools, including Guliverio Akademija together with R\u016bta Gustainien\u0117.<\/p><p>He holds a Bachelor of Theology and a Master\u2019s in Educational Administration from the University of New South Wales. He also completed programs at the Australian Institute of Company Directors and the Australian Institute of Management, as well as earned certification in group relations and change management from the Tavistock Institute of Human Relations.\nStephen George Lee believes that the mission of a school leader is to create conditions in which teachers can work creatively and students can grow into curious, independent thinkers.<\/p>\t\t\t\t\t\t\t\t<\/div>\n\t\t\t\t<\/div>\n\t\t\t\t\t<\/div>\n\t\t\t\t<\/div>\n\t\t<div class=\"elementor-element elementor-element-df4fdfb e-flex e-con-boxed e-con e-parent\" data-id=\"df4fdfb\" data-element_type=\"container\" data-e-type=\"container\">\n\t\t\t\t\t<div class=\"e-con-inner\">\n\t\t\t\t<div class=\"elementor-element elementor-element-7803e73 elementor-widget elementor-widget-image\" data-id=\"7803e73\" data-element_type=\"widget\" data-e-type=\"widget\" data-widget_type=\"image.default\">\n\t\t\t\t<div class=\"elementor-widget-container\">\n\t\t\t\t\t\t\t\t\t\t\t\t\t\t\t<img decoding=\"async\" data-attachment-id=\"727\" data-permalink=\"https:\/\/guliverioakademija.lt\/en\/mokyklos-vadovai\/_dsc2700\/\" data-orig-file=\"https:\/\/i0.wp.com\/guliverioakademija.lt\/wp-content\/uploads\/2025\/06\/DSC2700.jpg?fit=2993%2C1980&amp;ssl=1\" data-orig-size=\"2993,1980\" data-comments-opened=\"1\" data-image-meta=\"{&quot;aperture&quot;:&quot;4&quot;,&quot;credit&quot;:&quot;&quot;,&quot;camera&quot;:&quot;ILCE-7M3&quot;,&quot;caption&quot;:&quot;&quot;,&quot;created_timestamp&quot;:&quot;1748867014&quot;,&quot;copyright&quot;:&quot;&quot;,&quot;focal_length&quot;:&quot;39&quot;,&quot;iso&quot;:&quot;2000&quot;,&quot;shutter_speed&quot;:&quot;0.00625&quot;,&quot;title&quot;:&quot;&quot;,&quot;orientation&quot;:&quot;1&quot;}\" data-image-title=\"_DSC2700\" data-image-description=\"\" data-image-caption=\"\" data-large-file=\"https:\/\/i0.wp.com\/guliverioakademija.lt\/wp-content\/uploads\/2025\/06\/DSC2700.jpg?fit=800%2C529&amp;ssl=1\" width=\"800\" height=\"529\" src=\"https:\/\/i0.wp.com\/guliverioakademija.lt\/wp-content\/uploads\/2025\/06\/DSC2700.jpg?fit=800%2C529&amp;ssl=1\" class=\"attachment-large size-large wp-image-727\" alt=\"\" srcset=\"https:\/\/i0.wp.com\/guliverioakademija.lt\/wp-content\/uploads\/2025\/06\/DSC2700.jpg?w=2993&amp;ssl=1 2993w, https:\/\/i0.wp.com\/guliverioakademija.lt\/wp-content\/uploads\/2025\/06\/DSC2700.jpg?resize=300%2C198&amp;ssl=1 300w, https:\/\/i0.wp.com\/guliverioakademija.lt\/wp-content\/uploads\/2025\/06\/DSC2700.jpg?resize=1024%2C677&amp;ssl=1 1024w, https:\/\/i0.wp.com\/guliverioakademija.lt\/wp-content\/uploads\/2025\/06\/DSC2700.jpg?resize=768%2C508&amp;ssl=1 768w, https:\/\/i0.wp.com\/guliverioakademija.lt\/wp-content\/uploads\/2025\/06\/DSC2700.jpg?resize=1536%2C1016&amp;ssl=1 1536w, https:\/\/i0.wp.com\/guliverioakademija.lt\/wp-content\/uploads\/2025\/06\/DSC2700.jpg?resize=2048%2C1355&amp;ssl=1 2048w, https:\/\/i0.wp.com\/guliverioakademija.lt\/wp-content\/uploads\/2025\/06\/DSC2700.jpg?w=1600&amp;ssl=1 1600w, https:\/\/i0.wp.com\/guliverioakademija.lt\/wp-content\/uploads\/2025\/06\/DSC2700.jpg?w=2400&amp;ssl=1 2400w\" sizes=\"(max-width: 800px) 100vw, 800px\" \/>\t\t\t\t\t\t\t\t\t\t\t\t\t\t\t<\/div>\n\t\t\t\t<\/div>\n\t\t\t\t<div class=\"elementor-element elementor-element-df149ef elementor-widget elementor-widget-text-editor\" data-id=\"df149ef\" data-element_type=\"widget\" data-e-type=\"widget\" data-widget_type=\"text-editor.default\">\n\t\t\t\t<div class=\"elementor-widget-container\">\n\t\t\t\t\t\t\t\t\t<h4><strong>R\u016bta Gustainien\u0117<\/strong><\/h4><p><strong>Director, Co-founder<\/strong><\/p><p>\u00a0<\/p><p>A psychologist and educator with more than 20 years of professional experience in psychology, psychotherapy, and education. She holds a Bachelor\u2019s degree in Psychology and a Master\u2019s degree in Psychological Counselling from City University London (now City St George\u2019s, University of London). She also completed the group relations and change management program at the Tavistock Institute of Human Relations.<\/p><p>R\u016bta Gustainien\u0117 is an active developer of the bilingual school model. Her goal is to ensure that the Western Australian education program is meaningfully integrated with Lithuanian language, culture, and identity, so that children grow up feeling like citizens both of their own country and of the world.<\/p><p>She emphasizes that students\u2019 intrinsic motivation grows when they see the meaning of learning. The Australian SCASA program, focused on individual student goals and the application of knowledge in the real world, fosters engagement, critical thinking, creativity, and problem-solving skills. Meaningful learning experiences not only help students retain information more effectively \u2013 they also inspire them to achieve more and continuously develop.<\/p>\t\t\t\t\t\t\t\t<\/div>\n\t\t\t\t<\/div>\n\t\t\t\t<div class=\"elementor-element elementor-element-656d01b elementor-widget elementor-widget-image\" data-id=\"656d01b\" data-element_type=\"widget\" data-e-type=\"widget\" data-widget_type=\"image.default\">\n\t\t\t\t<div class=\"elementor-widget-container\">\n\t\t\t\t\t\t\t\t\t\t\t\t\t\t\t<img decoding=\"async\" data-attachment-id=\"716\" data-permalink=\"https:\/\/guliverioakademija.lt\/en\/mokyklos-vadovai\/_dsc2814_\/\" data-orig-file=\"https:\/\/i0.wp.com\/guliverioakademija.lt\/wp-content\/uploads\/2025\/06\/DSC2814_.png?fit=4000%2C3228&amp;ssl=1\" data-orig-size=\"4000,3228\" data-comments-opened=\"1\" data-image-meta=\"{&quot;aperture&quot;:&quot;0&quot;,&quot;credit&quot;:&quot;&quot;,&quot;camera&quot;:&quot;&quot;,&quot;caption&quot;:&quot;&quot;,&quot;created_timestamp&quot;:&quot;0&quot;,&quot;copyright&quot;:&quot;&quot;,&quot;focal_length&quot;:&quot;0&quot;,&quot;iso&quot;:&quot;0&quot;,&quot;shutter_speed&quot;:&quot;0&quot;,&quot;title&quot;:&quot;&quot;,&quot;orientation&quot;:&quot;0&quot;}\" data-image-title=\"_DSC2814_\" data-image-description=\"\" data-image-caption=\"\" data-large-file=\"https:\/\/i0.wp.com\/guliverioakademija.lt\/wp-content\/uploads\/2025\/06\/DSC2814_.png?fit=800%2C645&amp;ssl=1\" width=\"800\" height=\"645\" src=\"https:\/\/i0.wp.com\/guliverioakademija.lt\/wp-content\/uploads\/2025\/06\/DSC2814_.png?fit=800%2C645&amp;ssl=1\" class=\"attachment-large size-large wp-image-716\" alt=\"\" srcset=\"https:\/\/i0.wp.com\/guliverioakademija.lt\/wp-content\/uploads\/2025\/06\/DSC2814_.png?w=4000&amp;ssl=1 4000w, https:\/\/i0.wp.com\/guliverioakademija.lt\/wp-content\/uploads\/2025\/06\/DSC2814_.png?resize=300%2C242&amp;ssl=1 300w, https:\/\/i0.wp.com\/guliverioakademija.lt\/wp-content\/uploads\/2025\/06\/DSC2814_.png?resize=1024%2C826&amp;ssl=1 1024w, https:\/\/i0.wp.com\/guliverioakademija.lt\/wp-content\/uploads\/2025\/06\/DSC2814_.png?resize=768%2C620&amp;ssl=1 768w, https:\/\/i0.wp.com\/guliverioakademija.lt\/wp-content\/uploads\/2025\/06\/DSC2814_.png?resize=1536%2C1240&amp;ssl=1 1536w, https:\/\/i0.wp.com\/guliverioakademija.lt\/wp-content\/uploads\/2025\/06\/DSC2814_.png?resize=2048%2C1653&amp;ssl=1 2048w, https:\/\/i0.wp.com\/guliverioakademija.lt\/wp-content\/uploads\/2025\/06\/DSC2814_.png?w=1600&amp;ssl=1 1600w, https:\/\/i0.wp.com\/guliverioakademija.lt\/wp-content\/uploads\/2025\/06\/DSC2814_.png?w=2400&amp;ssl=1 2400w\" sizes=\"(max-width: 800px) 100vw, 800px\" \/>\t\t\t\t\t\t\t\t\t\t\t\t\t\t\t<\/div>\n\t\t\t\t<\/div>\n\t\t\t\t<div class=\"elementor-element elementor-element-ec1eadd elementor-widget elementor-widget-text-editor\" data-id=\"ec1eadd\" data-element_type=\"widget\" data-e-type=\"widget\" data-widget_type=\"text-editor.default\">\n\t\t\t\t<div class=\"elementor-widget-container\">\n\t\t\t\t\t\t\t\t\t<p><strong>A Shared Vision<\/strong><\/p><p>The leaders are united by their joint studies at the Tavistock Institute of Human Relations and a deep interest in group relations theory. They envision the school as a living community where education is based not only on content but also on experience \u2013 relationships, roles, and collaboration.<\/p><p>Guliverio Akademija operates according to principles drawn from the Tavistock model: every participant \u2013 student, teacher, or leader \u2013 is a learner, takes responsibility, explores their role, and develops self-awareness and leadership as a member of the group.<\/p><p>This approach is reflected in all aspects of school life \u2013 from classroom dynamics to community decision-making. It fosters an open, reflective, and conscious culture in which students not only gain knowledge but also learn to become responsible, creative, and committed individuals.<\/p>\t\t\t\t\t\t\t\t<\/div>\n\t\t\t\t<\/div>\n\t\t\t\t\t<\/div>\n\t\t\t\t<\/div>\n\t\t\t\t<\/div>","protected":false},"excerpt":{"rendered":"<p>Nuo kabineto iki klas\u0117s \u201eGuliverio akademija\u201c buvo \u012fkurta 2017 m. dviej\u0173 profesional\u0173 \u2013 Stephen\u2019o George\u2019o Lee ir R\u016btos Gustainien\u0117s \u2013 siekiant sukurti mokykl\u0105, kurioje vaikai augt\u0173 kaip savaranki\u0161ki, m\u0105stantys ir atsakingi mokiniai. Abu \u012fk\u016br\u0117jai aktyviai vadovauja mokyklai \u2013 ne tik priima strateginius sprendimus, bet ir dalyvauja ugdymo procese: moko, konsultuoja, kuria bendruomen\u0119. J\u0173 patirtis apima [&hellip;]<\/p>\n","protected":false},"author":137966491,"featured_media":0,"parent":0,"menu_order":0,"comment_status":"closed","ping_status":"closed","template":"","meta":{"_crdt_document":"","footnotes":""},"class_list":["post-711","page","type-page","status-publish","hentry"],"jetpack_likes_enabled":true,"jetpack_sharing_enabled":true,"jetpack_shortlink":"https:\/\/wp.me\/Pgq4VZ-bt","jetpack-related-posts":[{"id":58,"url":"https:\/\/guliverioakademija.lt\/en\/vertybes\/","url_meta":{"origin":711,"position":0},"title":"Values","author":"Jonas Gustainis","date":"2025-04-01","format":false,"excerpt":"\u201eGuliverio akademijos\u201c bendruomen\u0119 jungia ai\u0161k\u016bs principai, padedantys kiekvienam mokiniui augti ir tobul\u0117ti. Remiam\u0117s Australijos ir Lietuvos kult\u016briniu paveldu \u2013 jis ugdo atkaklum\u0105, k\u016brybi\u0161kum\u0105 ir atsakomyb\u0117s jausm\u0105. Kuriame mokymosi kult\u016br\u0105, pagr\u012fst\u0105 \u0161iomis vertyb\u0117mis: PagarbaElgiam\u0117s r\u016bpestingai, nuo\u0161ird\u017eiai ir atsakingai. Gerbiame skirtingas nuomones, kuriame saugi\u0105 ir atvir\u0105 aplink\u0105, kur kiekvienas jau\u010diasi matomas ir\u2026","rel":"","context":"Similar post","block_context":{"text":"Similar post","link":""},"img":{"alt_text":"","src":"https:\/\/i0.wp.com\/guliverioakademija.lt\/wp-content\/uploads\/2025\/06\/DSC3149-1024x683.jpg?resize=350%2C200&ssl=1","width":350,"height":200,"srcset":"https:\/\/i0.wp.com\/guliverioakademija.lt\/wp-content\/uploads\/2025\/06\/DSC3149-1024x683.jpg?resize=350%2C200&ssl=1 1x, https:\/\/i0.wp.com\/guliverioakademija.lt\/wp-content\/uploads\/2025\/06\/DSC3149-1024x683.jpg?resize=525%2C300&ssl=1 1.5x, https:\/\/i0.wp.com\/guliverioakademija.lt\/wp-content\/uploads\/2025\/06\/DSC3149-1024x683.jpg?resize=700%2C400&ssl=1 2x"},"classes":[]},{"id":383,"url":"https:\/\/guliverioakademija.lt\/en\/priemimas-2\/","url_meta":{"origin":711,"position":1},"title":"Enrolment","author":"Jonas Gustainis","date":"2025-05-22","format":false,"excerpt":"Atraskite kitoki\u0105 mokykl\u0105 \u00a0 D\u017eiaugiam\u0117s, kad domit\u0117s m\u016bs\u0173 mokykla. Esame \u0161iuolaiki\u0161ka tarptautin\u0117 mokykla Vilniuje, kurioje susijungia Australijos ir Lietuvos \u0161vietimo patirtys. Dvikalbis ugdymas, emocinio intelekto lavinimas ir kokybi\u0161kas mokymas padeda mums ruo\u0161ti mokinius ne tik akademiniams pasiekimams, bet ir gyvenimui. Mokinius priimame visus metus ir nuo pirmojo kontakto siekiame, kad\u2026","rel":"","context":"Similar post","block_context":{"text":"Similar post","link":""},"img":{"alt_text":"","src":"https:\/\/i0.wp.com\/guliverioakademija.lt\/wp-content\/uploads\/2025\/05\/Screenshot-2025-05-24-at-9.23.58%E2%80%AFPM.png?resize=350%2C200&ssl=1","width":350,"height":200,"srcset":"https:\/\/i0.wp.com\/guliverioakademija.lt\/wp-content\/uploads\/2025\/05\/Screenshot-2025-05-24-at-9.23.58%E2%80%AFPM.png?resize=350%2C200&ssl=1 1x, https:\/\/i0.wp.com\/guliverioakademija.lt\/wp-content\/uploads\/2025\/05\/Screenshot-2025-05-24-at-9.23.58%E2%80%AFPM.png?resize=525%2C300&ssl=1 1.5x"},"classes":[]},{"id":779,"url":"https:\/\/guliverioakademija.lt\/en\/mokytojai\/","url_meta":{"origin":711,"position":2},"title":"Teachers","author":"Jonas Gustainis","date":"2025-06-27","format":false,"excerpt":"\u201e\u0160vietimas nepakei\u010dia pasaulio. \u0160vietimas pakei\u010dia \u017emones. \u017dmon\u0117s pakei\u010dia pasaul\u012f.\u201c\u2014 Paulo Freire M\u016bs\u0173 mokytojai\u201eGuliverio akademijoje\u201c mokytojai yra poky\u010di\u0173 \u012fkv\u0117p\u0117jai. Mokiniai augdami kei\u010diasi, o mokytojo vaidmuo \u2013 r\u016bpestingai ir \u012f\u017evalgiai juos lyd\u0117ti, \u012fkv\u0117pti ir skatinti.\u00a0S\u0117kmingas mokymas ne\u012fmanomas be nuolatinio mokymosi. M\u016bs\u0173 pedagogai \u2013 savo patirt\u012f reflektuojantys praktikai, nuolat tobul\u0117jantys tiek asmeni\u0161kai, tiek\u2026","rel":"","context":"Similar post","block_context":{"text":"Similar post","link":""},"img":{"alt_text":"","src":"https:\/\/i0.wp.com\/guliverioakademija.lt\/wp-content\/uploads\/2025\/06\/DSC3255-1024x683.jpg?resize=350%2C200&ssl=1","width":350,"height":200,"srcset":"https:\/\/i0.wp.com\/guliverioakademija.lt\/wp-content\/uploads\/2025\/06\/DSC3255-1024x683.jpg?resize=350%2C200&ssl=1 1x, https:\/\/i0.wp.com\/guliverioakademija.lt\/wp-content\/uploads\/2025\/06\/DSC3255-1024x683.jpg?resize=525%2C300&ssl=1 1.5x, https:\/\/i0.wp.com\/guliverioakademija.lt\/wp-content\/uploads\/2025\/06\/DSC3255-1024x683.jpg?resize=700%2C400&ssl=1 2x"},"classes":[]},{"id":173,"url":"https:\/\/guliverioakademija.lt\/en\/metodas\/","url_meta":{"origin":711,"position":3},"title":"Method","author":"Jonas Gustainis","date":"2025-05-05","format":false,"excerpt":"Grupi\u0173 santyki\u0173 teorijaGrupi\u0173 santyki\u0173 teorija \u2013 tai studij\u0173 sritis, nagrin\u0117janti, kaip \u017emon\u0117s s\u0105veikauja grup\u0117se, kokius vaidmenis jie prisiima, kaip grup\u0117s strukt\u016bros veikia elgsen\u0105 bei kok\u012f poveik\u012f grupinis elgesys daro asmeniui ir kolektyvui. Abu m\u016bs\u0173 mokyklos vadovai studijavo Tavistock Institute (London) ir yra patyr\u0119 \u0161io modelio praktikai. Direktor\u0117 R\u016bta \u012fgijo psichoterapijos\u2026","rel":"","context":"Similar post","block_context":{"text":"Similar post","link":""},"img":{"alt_text":"","src":"","width":0,"height":0},"classes":[]},{"id":147,"url":"https:\/\/guliverioakademija.lt\/en\/","url_meta":{"origin":711,"position":4},"title":"Home LT","author":"Jonas Gustainis","date":"2025-05-05","format":false,"excerpt":"Guliverio akademija - Australijos tarptautin\u0117 mokykla Vilniuje Vertyb\u0117s mus vienija, o pa\u017einimas \u012fkvepia\u201eGuliverio akademija\u201c \u2013 tai Vakar\u0173 Australijos tarptautin\u0117 mokykla Vilniuje. Tai privati mokykla, kurioje modernus po\u017ei\u016bris \u012f mokym\u0105si dera su pozityvi\u0105ja psichologija ir dvikalbiu ugdymu.Remdamiesi Tavistock\u2019o grupi\u0173 santyki\u0173 modeliu, ugdome mokini\u0173 geb\u0117jim\u0105 bendradarbiauti, stipriname emocin\u012f intelekt\u0105 ir skatiname s\u0105moningum\u0105.\u2026","rel":"","context":"Similar post","block_context":{"text":"Similar post","link":""},"img":{"alt_text":"Stephen Lee R\u016bta Gustainien\u0117 vilnius international school","src":"https:\/\/i0.wp.com\/guliverioakademija.lt\/wp-content\/uploads\/2025\/06\/direktoriai.jpg?resize=350%2C200&ssl=1","width":350,"height":200,"srcset":"https:\/\/i0.wp.com\/guliverioakademija.lt\/wp-content\/uploads\/2025\/06\/direktoriai.jpg?resize=350%2C200&ssl=1 1x, https:\/\/i0.wp.com\/guliverioakademija.lt\/wp-content\/uploads\/2025\/06\/direktoriai.jpg?resize=525%2C300&ssl=1 1.5x, https:\/\/i0.wp.com\/guliverioakademija.lt\/wp-content\/uploads\/2025\/06\/direktoriai.jpg?resize=700%2C400&ssl=1 2x"},"classes":[]},{"id":985,"url":"https:\/\/guliverioakademija.lt\/en\/karjera\/","url_meta":{"origin":711,"position":5},"title":"Career","author":"Jonas Gustainis","date":"2025-11-06","format":false,"excerpt":"Mokymo galimyb\u0117s Prisijunkite prie unikalios tarptautin\u0117s \u0161vietimo organizacijos, kurioje pedagogai turi galimyb\u0119 augti ir tobul\u0117ti dirbdami pagal moderni\u0105, \u012f vaik\u0105 orientuot\u0105 ir tyrimais pagr\u012fst\u0105 Australijos ugdymo sistem\u0105. M\u016bs\u0173 po\u017ei\u016bris \u012f mokym\u0105:\u2022 Moksliniais tyrimais pagr\u012fsta pedagogika, orientuota \u012f vaiko individualius geb\u0117jimus ir savaranki\u0161kum\u0105.\u2022 Dvikalbis ugdymas \u2013 lietuvi\u0173 ir angl\u0173 kalbos laikomos\u2026","rel":"","context":"Similar post","block_context":{"text":"Similar post","link":""},"img":{"alt_text":"laisvas darbo stalas - tuscia kede","src":"https:\/\/i0.wp.com\/guliverioakademija.lt\/wp-content\/uploads\/2025\/11\/DSC2637-1024x683.jpg?resize=350%2C200&ssl=1","width":350,"height":200,"srcset":"https:\/\/i0.wp.com\/guliverioakademija.lt\/wp-content\/uploads\/2025\/11\/DSC2637-1024x683.jpg?resize=350%2C200&ssl=1 1x, https:\/\/i0.wp.com\/guliverioakademija.lt\/wp-content\/uploads\/2025\/11\/DSC2637-1024x683.jpg?resize=525%2C300&ssl=1 1.5x, https:\/\/i0.wp.com\/guliverioakademija.lt\/wp-content\/uploads\/2025\/11\/DSC2637-1024x683.jpg?resize=700%2C400&ssl=1 2x"},"classes":[]}],"_links":{"self":[{"href":"https:\/\/guliverioakademija.lt\/en\/wp-json\/wp\/v2\/pages\/711","targetHints":{"allow":["GET"]}}],"collection":[{"href":"https:\/\/guliverioakademija.lt\/en\/wp-json\/wp\/v2\/pages"}],"about":[{"href":"https:\/\/guliverioakademija.lt\/en\/wp-json\/wp\/v2\/types\/page"}],"author":[{"embeddable":true,"href":"https:\/\/guliverioakademija.lt\/en\/wp-json\/wp\/v2\/users\/137966491"}],"replies":[{"embeddable":true,"href":"https:\/\/guliverioakademija.lt\/en\/wp-json\/wp\/v2\/comments?post=711"}],"version-history":[{"count":27,"href":"https:\/\/guliverioakademija.lt\/en\/wp-json\/wp\/v2\/pages\/711\/revisions"}],"predecessor-version":[{"id":861,"href":"https:\/\/guliverioakademija.lt\/en\/wp-json\/wp\/v2\/pages\/711\/revisions\/861"}],"wp:attachment":[{"href":"https:\/\/guliverioakademija.lt\/en\/wp-json\/wp\/v2\/media?parent=711"}],"curies":[{"name":"wp","href":"https:\/\/api.w.org\/{rel}","templated":true}]}}