{"id":383,"date":"2025-05-22T12:52:45","date_gmt":"2025-05-22T09:52:45","guid":{"rendered":"https:\/\/guliverioakademija.lt\/?page_id=383"},"modified":"2025-10-05T12:30:00","modified_gmt":"2025-10-05T09:30:00","slug":"priemimas-2","status":"publish","type":"page","link":"https:\/\/guliverioakademija.lt\/en\/priemimas-2\/","title":{"rendered":"Enrolment"},"content":{"rendered":"\t\t<div data-elementor-type=\"wp-page\" data-elementor-id=\"383\" class=\"elementor elementor-383\" data-elementor-post-type=\"page\">\n\t\t\t\t<div class=\"elementor-element elementor-element-62fb7b5a e-flex e-con-boxed e-con e-parent\" data-id=\"62fb7b5a\" data-element_type=\"container\" data-e-type=\"container\">\n\t\t\t\t\t<div class=\"e-con-inner\">\n\t\t\t\t<div class=\"elementor-element elementor-element-1b571a2a elementor-widget elementor-widget-text-editor\" data-id=\"1b571a2a\" data-element_type=\"widget\" data-e-type=\"widget\" data-widget_type=\"text-editor.default\">\n\t\t\t\t<div class=\"elementor-widget-container\">\n\t\t\t\t\t\t\t\t\t<h4>Atraskite kitoki\u0105 mokykl\u0105<\/h4>\n<p>\u00a0<\/p>\n<p><span style=\"font-weight: 400;\">D\u017eiaugiam\u0117s, kad domit\u0117s m\u016bs\u0173 mokykla. Esame \u0161iuolaiki\u0161ka tarptautin\u0117 mokykla Vilniuje, kurioje susijungia Australijos ir Lietuvos \u0161vietimo patirtys. Dvikalbis ugdymas, emocinio intelekto lavinimas ir kokybi\u0161kas mokymas padeda mums ruo\u0161ti mokinius ne tik akademiniams pasiekimams, bet ir gyvenimui. Mokinius priimame visus metus ir nuo pirmojo kontakto siekiame, kad pri\u0117mimo procesas b\u016bt\u0173 jaukus, ai\u0161kus ir asmeni\u0161kas.<\/span><\/p>\n<p>\u00a0<\/p>\n<h4>Kod\u0117l \u0161eimos renkasi mus?<\/h4>\n<ul>\n<li>\n<p><span style=\"font-weight: 400;\">Ne pelno siekianti mokykla, kurioje pirmiausia r\u016bpinamasi mokiniu<\/span><\/p>\n<\/li>\n<li>\n<p><span style=\"font-weight: 400;\">Patyr\u0119 vadovai, kurie aktyviai dalyvauja ugdymo procese<\/span><\/p>\n<\/li>\n<li>\n<p><span style=\"font-weight: 400;\">\u0160iuolaiki\u0161ka Australijos ugdymo programa, pritaikyta Lietuvos kontekstui<\/span><\/p>\n<\/li>\n<li>\n<p><span style=\"font-weight: 400;\">Dvikalbis ugdymas (angl\u0173 ir lietuvi\u0173 kalbomis)<\/span><\/p>\n<\/li>\n<li>\n<p><span style=\"font-weight: 400;\">D\u0117mesys vertyb\u0117ms, emociniam augimui ir asmenyb\u0117s brandai<\/span><\/p>\n<\/li>\n<li>\n<p><span style=\"font-weight: 400;\">Profesionalus, atsidav\u0119s ir tarptautinis mokytoj\u0173 kolektyvas<\/span><\/p>\n<\/li>\n<\/ul>\n<p>\u00a0<\/p>\n<h4>Pri\u0117mimo procesas<\/h4>\n<p><strong>1. Susipa\u017einimas. <\/strong>T\u0117vai u\u017epildo anket\u0105 apie b\u016bsim\u0105 mokin\u012f ir yra kvie\u010diami \u012f pokalb\u012f su dviem mokyklos vadovais (kartu su mokiniu). \u0160io pokalbio metu mokinys susipa\u017e\u012fsta su mokyklos vadovais, mokykla pristatoma mokiniui ir jo t\u0117vams, taip pat suteikiama galimyb\u0117 ap\u017ei\u016br\u0117ti mokyklos patalpas. Jei pokalbis pra\u0117jo s\u0117kmingai, mokyklos vadovai pakvie\u010dia mokin\u012f vienai dienai apsilankyti mokykloje kaip sve\u010di\u0105. Pageidautina, kad mokiniai, pretenduojantys \u012f pagrindin\u012f ar vidurin\u012f ugdym\u0105 (7\u201312 klases), \u012f pirm\u0105j\u012f pokalb\u012f pristatyt\u0173 paskutinio mokymosi laikotarpio pa\u017eymius.<\/p>\n<p><strong>2. Dienos apsilankymas.<\/strong> Mokinys apsilanko mokykloje vienai dienai ir dalyvauja visoje dienos programoje: pamokose, pertraukose, susitikimuose. Tokiu b\u016bdu mokinys susipa\u017e\u012fsta su b\u016bsimais klas\u0117s draugais, mokytojais ir patiria, kuo \u201eGuliverio akademija\u201c skiriasi nuo jo ankstesn\u0117s mokyklos. Tai yra puiki proga mokiniui u\u017eduoti klausimus ir nuspr\u0119sti, ar jam patikt\u0173 mokytis \u201eGuliverio akademijoje\u201c. Pavyzd\u017eiui, mokinys gali \u012fvertinti, kaip jis jau\u010diasi dvikalb\u0117je aplinkoje, ir nuspr\u0119sti, ar jam reikia papildomos pagalbos. Tuo tarpu mokyklos vadovai ir mokytojai gali \u012fvertinti mokinio stiprybes, galimus i\u0161\u0161\u016bkius ir nustatyti tinkamiausi\u0105 klas\u0119.<\/p>\n<p><strong>3. Mokymosi vietos pasi\u016blymas.<\/strong> Apsilankymo dienos pabaigoje arba netrukus po jos t\u0117vai ir mokyklos vadovai aptaria tolimesnius \u017eingsnius. Jei abi pus\u0117s sutaria, mokiniui pateikiamas oficialus kvietimas mokytis mokykloje, o t\u0117vams \u2013 mokymo sutarties forma. Kvietimas galioja 10 darbo dien\u0173 \u2013 per \u0161\u012f laikotarp\u012f b\u016btina pateikti pasira\u0161yt\u0105 sutart\u012f. Galiausiai sumokamas 350 eur\u0173 registracijos mokestis ir mokinys laikomas oficialiai priimtu \u012f mokykl\u0105.<\/p>\n<p><strong>4. Pasiruo\u0161imas mokyklai.<\/strong> Kai mokinys oficialiai priimamas, mokyklos administratorius pateikia t\u0117vams vis\u0105 reikiam\u0105 informacij\u0105 apie uniform\u0105, ra\u0161ymo priemones, vadov\u0117lius ir kitus pasirengimo aspektus, kad mokinys pirm\u0105j\u0105 mokymosi dien\u0105 jaust\u0173si u\u017etikrintas ir pasiruo\u0161\u0119s.<\/p>\n<p data-start=\"746\" data-end=\"945\">\u00a0<\/p>\n<p><\/p>\n<p class=\"wp-block-paragraph\"><\/p>\t\t\t\t\t\t\t\t<\/div>\n\t\t\t\t<\/div>\n\t\t\t\t\t<\/div>\n\t\t\t\t<\/div>\n\t\t<div class=\"elementor-element elementor-element-7b2e9d7 e-grid e-con-boxed e-con e-parent\" data-id=\"7b2e9d7\" data-element_type=\"container\" data-e-type=\"container\">\n\t\t\t\t\t<div class=\"e-con-inner\">\n\t\t\t\t<div class=\"elementor-element elementor-element-e76da41 elementor-widget elementor-widget-text-editor\" data-id=\"e76da41\" data-element_type=\"widget\" data-e-type=\"widget\" data-widget_type=\"text-editor.default\">\n\t\t\t\t<div class=\"elementor-widget-container\">\n\t\t\t\t\t\t\t\t\t<h2><span style=\"color: #000000;\">Kainos<\/span><\/h2>\n<p><span style=\"color: #000000;\"><strong data-start=\"139\" data-end=\"165\">Vienkartinis registracijos mokestis <\/strong>(mokamas, kai pirmasis \u0161eimos vaikas priimamas \u012f mokykl\u0105):<\/span><\/p>\n<ul data-start=\"289\" data-end=\"400\">\n<li data-start=\"289\" data-end=\"312\">\n<p data-start=\"291\" data-end=\"312\"><span style=\"color: #000000;\">200 \u20ac \u2013 1\u20136 klas\u0117ms<\/span><\/p>\n<\/li>\n<li data-start=\"313\" data-end=\"337\">\n<p data-start=\"315\" data-end=\"337\"><span style=\"color: #000000;\">600 \u20ac \u2013 7\u201310 klas\u0117ms<\/span><\/p>\n<\/li>\n<li data-start=\"338\" data-end=\"400\">\n<p data-start=\"340\" data-end=\"400\"><span style=\"color: #000000;\">800 \u20ac \u2013 11\u201312 klas\u0117ms<\/span><\/p>\n<\/li>\n<\/ul>\n<p>Antrajam vaikui \u0161eimoje taikoma 50 % nuolaida vienkartiniam registracijos mokes\u010diui; u\u017e kitus jaunesnius tos pa\u010dios \u0161eimos vaikus vienkartinis registracijos mokestis neimamas.<\/p>\n<p data-start=\"253\" data-end=\"288\"><span style=\"color: #000000;\"><strong data-start=\"253\" data-end=\"286\">Mokestis u\u017e moksl\u0105 (metinis):<\/strong><\/span><\/p>\n<ul data-start=\"289\" data-end=\"400\">\n<li data-start=\"289\" data-end=\"312\">\n<p data-start=\"291\" data-end=\"312\"><span style=\"color: #000000;\">6500 \u20ac \u2013 1\u20136 klas\u0117ms<\/span><\/p>\n<\/li>\n<li data-start=\"313\" data-end=\"337\">\n<p data-start=\"315\" data-end=\"337\"><span style=\"color: #000000;\">7300 \u20ac \u2013 7\u201310 klas\u0117ms<\/span><\/p>\n<\/li>\n<li data-start=\"338\" data-end=\"400\">\n<p data-start=\"340\" data-end=\"400\"><span style=\"color: #000000;\">8300 \u20ac \u2013 11\u201312 klas\u0117ms<\/span><br data-start=\"361\" data-end=\"364\" \/><span style=\"color: #000000;\"><em data-start=\"364\" data-end=\"400\">*Pastaba: galimas mok\u0117jimas dalimis.<\/em><\/span><\/p>\n<\/li>\n<\/ul>\n<p>Antrajam vaikui \u0161eimoje taikoma 10% nuolaida mokymo mokes\u010diui, tre\u010diajam \u2013 40%, o u\u017e ketvirt\u0105 ir kitus jaunesnius vaikus mokymosi mokestis neimamas.<\/p>\n<p data-start=\"402\" data-end=\"508\"><span style=\"color: #000000;\"><strong data-start=\"402\" data-end=\"416\">Maitinimas<\/strong> \u2013 8 \u20ac per dien\u0105<\/span><br data-start=\"432\" data-end=\"435\" \/>S\u0105skaita u\u017e pusry\u010dius ir pietus pateikiama kiekvieno m\u0117nesio pabaigoje.<\/p>\n<p data-start=\"510\" data-end=\"744\"><span style=\"color: #000000;\"><strong data-start=\"510\" data-end=\"532\">Neformalus ugdymas <\/strong>&#8211; u\u017e pasirinkt\u0105 popamokin\u0119 veikl\u0105 po 15:30 val. arba savaitgaliais mokama i\u0161 anksto u\u017e vis\u0105 semestr\u0105. Jei mokinys nuspr\u0119st\u0173 nelankyti b\u016brelio prie\u0161 semestro pabaig\u0105, pinigai negr\u0105\u017einami.<\/span><\/p>\n<p data-start=\"746\" data-end=\"945\"><span style=\"color: #000000;\"><strong data-start=\"746\" data-end=\"761\">Ekskursijos<\/strong> &#8211; kai kurios ekskursijos mieste \u012fskai\u010diuotos \u012f mokymosi kain\u0105. Apie kitas ekskursijas t\u0117vai informuojami i\u0161 anksto, o gavus j\u0173 sutikim\u0105, kaina \u012ftraukiama \u012f m\u0117nesio s\u0105skait\u0105.<\/span><\/p>\t\t\t\t\t\t\t\t<\/div>\n\t\t\t\t<\/div>\n\t\t\t\t<div class=\"elementor-element elementor-element-32924b1 elementor-widget elementor-widget-image\" data-id=\"32924b1\" data-element_type=\"widget\" data-e-type=\"widget\" data-widget_type=\"image.default\">\n\t\t\t\t<div class=\"elementor-widget-container\">\n\t\t\t\t\t\t\t\t\t\t\t\t\t\t\t<img fetchpriority=\"high\" decoding=\"async\" data-attachment-id=\"432\" data-permalink=\"https:\/\/guliverioakademija.lt\/en\/programa\/screenshot-2025-05-24-at-9-23-58-pm\/\" data-orig-file=\"https:\/\/i0.wp.com\/guliverioakademija.lt\/wp-content\/uploads\/2025\/05\/Screenshot-2025-05-24-at-9.23.58%E2%80%AFPM.png?fit=608%2C418&amp;ssl=1\" data-orig-size=\"608,418\" data-comments-opened=\"1\" data-image-meta=\"{&quot;aperture&quot;:&quot;0&quot;,&quot;credit&quot;:&quot;&quot;,&quot;camera&quot;:&quot;&quot;,&quot;caption&quot;:&quot;&quot;,&quot;created_timestamp&quot;:&quot;0&quot;,&quot;copyright&quot;:&quot;&quot;,&quot;focal_length&quot;:&quot;0&quot;,&quot;iso&quot;:&quot;0&quot;,&quot;shutter_speed&quot;:&quot;0&quot;,&quot;title&quot;:&quot;&quot;,&quot;orientation&quot;:&quot;0&quot;}\" data-image-title=\"Screenshot 2025-05-24 at 9.23.58\u202fPM\" data-image-description=\"\" data-image-caption=\"\" data-large-file=\"https:\/\/i0.wp.com\/guliverioakademija.lt\/wp-content\/uploads\/2025\/05\/Screenshot-2025-05-24-at-9.23.58%E2%80%AFPM.png?fit=608%2C418&amp;ssl=1\" width=\"608\" height=\"418\" src=\"https:\/\/i0.wp.com\/guliverioakademija.lt\/wp-content\/uploads\/2025\/05\/Screenshot-2025-05-24-at-9.23.58%E2%80%AFPM.png?fit=608%2C418&amp;ssl=1\" class=\"attachment-large size-large wp-image-432\" alt=\"\" data-attachment-id=\"432\" data-permalink=\"https:\/\/guliverioakademija.lt\/lt\/programa\/screenshot-2025-05-24-at-9-23-58-pm\/\" data-orig-file=\"https:\/\/i0.wp.com\/guliverioakademija.lt\/wp-content\/uploads\/2025\/05\/Screenshot-2025-05-24-at-9.23.58%E2%80%AFPM.png?fit=608%2C418&amp;ssl=1\" data-orig-size=\"608,418\" data-comments-opened=\"1\" data-image-meta=\"{&quot;aperture&quot;:&quot;0&quot;,&quot;credit&quot;:&quot;&quot;,&quot;camera&quot;:&quot;&quot;,&quot;caption&quot;:&quot;&quot;,&quot;created_timestamp&quot;:&quot;0&quot;,&quot;copyright&quot;:&quot;&quot;,&quot;focal_length&quot;:&quot;0&quot;,&quot;iso&quot;:&quot;0&quot;,&quot;shutter_speed&quot;:&quot;0&quot;,&quot;title&quot;:&quot;&quot;,&quot;orientation&quot;:&quot;0&quot;}\" data-image-title=\"Screenshot 2025-05-24 at 9.23.58\u202fPM\" data-image-description=\"\" data-image-caption=\"\" data-large-file=\"https:\/\/i0.wp.com\/guliverioakademija.lt\/wp-content\/uploads\/2025\/05\/Screenshot-2025-05-24-at-9.23.58%E2%80%AFPM.png?fit=608%2C418&amp;ssl=1\" \/>\t\t\t\t\t\t\t\t\t\t\t\t\t\t\t<\/div>\n\t\t\t\t<\/div>\n\t\t\t\t\t<\/div>\n\t\t\t\t<\/div>\n\t\t<div class=\"elementor-element elementor-element-e4c6160 e-flex e-con-boxed e-con e-parent\" data-id=\"e4c6160\" data-element_type=\"container\" data-e-type=\"container\" data-settings=\"{&quot;background_background&quot;:&quot;classic&quot;}\">\n\t\t\t\t\t<div class=\"e-con-inner\">\n\t\t\t\t<div class=\"elementor-element elementor-element-292f9ba elementor-widget elementor-widget-heading\" data-id=\"292f9ba\" data-element_type=\"widget\" data-e-type=\"widget\" data-widget_type=\"heading.default\">\n\t\t\t\t<div class=\"elementor-widget-container\">\n\t\t\t\t\t<h2 class=\"elementor-heading-title elementor-size-default\">Susisiekime<\/h2>\t\t\t\t<\/div>\n\t\t\t\t<\/div>\n\t\t\t\t<div class=\"elementor-element elementor-element-5ec77dc elementor-button-align-stretch elementor-widget elementor-widget-form\" data-id=\"5ec77dc\" data-element_type=\"widget\" data-e-type=\"widget\" data-settings=\"{&quot;step_next_label&quot;:&quot;Next&quot;,&quot;step_previous_label&quot;:&quot;Previous&quot;,&quot;button_width&quot;:&quot;100&quot;,&quot;step_type&quot;:&quot;number_text&quot;,&quot;step_icon_shape&quot;:&quot;circle&quot;}\" data-widget_type=\"form.default\">\n\t\t\t\t<div class=\"elementor-widget-container\">\n\t\t\t\t\t\t\t<form class=\"elementor-form\" method=\"post\" name=\"Susisiekite1\" aria-label=\"Susisiekite1\">\n\t\t\t<input type=\"hidden\" name=\"post_id\" value=\"383\"\/>\n\t\t\t<input type=\"hidden\" name=\"form_id\" value=\"5ec77dc\"\/>\n\t\t\t<input type=\"hidden\" name=\"referer_title\" value=\"Pri\u0117mimas - Guliverio akademija | Tarptautin\u0117 Australijos mokykla Vilniuje\" \/>\n\n\t\t\t\t\t\t\t<input type=\"hidden\" name=\"queried_id\" value=\"383\"\/>\n\t\t\t\n\t\t\t<div class=\"elementor-form-fields-wrapper elementor-labels-above\">\n\t\t\t\t\t\t\t\t<div class=\"elementor-field-type-text elementor-field-group elementor-column elementor-field-group-field_fdc1913 elementor-col-100\">\n\t\t\t\t\t\t\t\t\t\t\t\t<label for=\"form-field-field_fdc1913\" class=\"elementor-field-label\">\n\t\t\t\t\t\t\t\tVardas\t\t\t\t\t\t\t<\/label>\n\t\t\t\t\t\t\t\t\t\t\t\t\t\t<input size=\"1\" type=\"text\" name=\"form_fields[field_fdc1913]\" id=\"form-field-field_fdc1913\" class=\"elementor-field elementor-size-sm  elementor-field-textual\">\n\t\t\t\t\t\t\t\t\t\t\t<\/div>\n\t\t\t\t\t\t\t\t<div class=\"elementor-field-type-email elementor-field-group elementor-column elementor-field-group-field_0fe875d elementor-col-100 elementor-field-required\">\n\t\t\t\t\t\t\t\t\t\t\t\t<label for=\"form-field-field_0fe875d\" class=\"elementor-field-label\">\n\t\t\t\t\t\t\t\tEl. pa\u0161tas\t\t\t\t\t\t\t<\/label>\n\t\t\t\t\t\t\t\t\t\t\t\t\t\t<input size=\"1\" type=\"email\" name=\"form_fields[field_0fe875d]\" id=\"form-field-field_0fe875d\" class=\"elementor-field elementor-size-sm  elementor-field-textual\" required=\"required\">\n\t\t\t\t\t\t\t\t\t\t\t<\/div>\n\t\t\t\t\t\t\t\t<div class=\"elementor-field-type-text elementor-field-group elementor-column elementor-field-group-field_b729c48 elementor-col-100\">\n\t\t\t\t\t\t\t\t\t\t\t\t<label for=\"form-field-field_b729c48\" class=\"elementor-field-label\">\n\t\t\t\t\t\t\t\tTel. numeris\t\t\t\t\t\t\t<\/label>\n\t\t\t\t\t\t\t\t\t\t\t\t\t\t<input size=\"1\" type=\"text\" name=\"form_fields[field_b729c48]\" id=\"form-field-field_b729c48\" class=\"elementor-field elementor-size-sm  elementor-field-textual\">\n\t\t\t\t\t\t\t\t\t\t\t<\/div>\n\t\t\t\t\t\t\t\t<div class=\"elementor-field-type-textarea elementor-field-group elementor-column elementor-field-group-field_4ed4dde elementor-col-100\">\n\t\t\t\t\t\t\t\t\t\t\t\t<label for=\"form-field-field_4ed4dde\" class=\"elementor-field-label\">\n\t\t\t\t\t\t\t\t\u017dinut\u0117\t\t\t\t\t\t\t<\/label>\n\t\t\t\t\t\t<textarea class=\"elementor-field-textual elementor-field  elementor-size-sm\" name=\"form_fields[field_4ed4dde]\" id=\"form-field-field_4ed4dde\" rows=\"4\"><\/textarea>\t\t\t\t<\/div>\n\t\t\t\t\t\t\t\t<div class=\"elementor-field-group elementor-column elementor-field-type-submit elementor-col-100 e-form__buttons\">\n\t\t\t\t\t<button class=\"elementor-button elementor-size-sm\" type=\"submit\" id=\"111\">\n\t\t\t\t\t\t<span class=\"elementor-button-content-wrapper\">\n\t\t\t\t\t\t\t\t\t\t\t\t\t\t\t\t\t\t\t\t\t\t<span class=\"elementor-button-text\">Si\u0173sti<\/span>\n\t\t\t\t\t\t\t\t\t\t\t\t\t<\/span>\n\t\t\t\t\t<\/button>\n\t\t\t\t<\/div>\n\t\t\t<\/div>\n\t\t<\/form>\n\t\t\t\t\t\t<\/div>\n\t\t\t\t<\/div>\n\t\t\t\t\t<\/div>\n\t\t\t\t<\/div>\n\t\t\t\t<\/div>\n\t\t","protected":false},"excerpt":{"rendered":"<p>Atraskite kitoki\u0105 mokykl\u0105 \u00a0 D\u017eiaugiam\u0117s, kad domit\u0117s m\u016bs\u0173 mokykla. Esame \u0161iuolaiki\u0161ka tarptautin\u0117 mokykla Vilniuje, kurioje susijungia Australijos ir Lietuvos \u0161vietimo patirtys. Dvikalbis ugdymas, emocinio intelekto lavinimas ir kokybi\u0161kas mokymas padeda mums ruo\u0161ti mokinius ne tik akademiniams pasiekimams, bet ir gyvenimui. Mokinius priimame visus metus ir nuo pirmojo kontakto siekiame, kad pri\u0117mimo procesas b\u016bt\u0173 jaukus, ai\u0161kus [&hellip;]<\/p>\n","protected":false},"author":137966491,"featured_media":0,"parent":0,"menu_order":0,"comment_status":"closed","ping_status":"closed","template":"","meta":{"_crdt_document":"","jetpack_post_was_ever_published":false,"footnotes":""},"class_list":["post-383","page","type-page","status-publish","hentry"],"jetpack_likes_enabled":true,"jetpack_sharing_enabled":true,"jetpack_shortlink":"https:\/\/wp.me\/Pgq4VZ-6b","jetpack-related-posts":[{"id":711,"url":"https:\/\/guliverioakademija.lt\/en\/mokyklos-vadovai\/","url_meta":{"origin":383,"position":0},"title":"Co-principles","author":"Jonas Gustainis","date":"2025-06-20","format":false,"excerpt":"Nuo kabineto iki klas\u0117s \u201eGuliverio akademija\u201c buvo \u012fkurta 2017 m. dviej\u0173 profesional\u0173 \u2013 Stephen\u2019o George\u2019o Lee ir R\u016btos Gustainien\u0117s \u2013 siekiant sukurti mokykl\u0105, kurioje vaikai augt\u0173 kaip savaranki\u0161ki, m\u0105stantys ir atsakingi mokiniai. Abu \u012fk\u016br\u0117jai aktyviai vadovauja mokyklai \u2013 ne tik priima strateginius sprendimus, bet ir dalyvauja ugdymo procese: moko, konsultuoja,\u2026","rel":"","context":"Similar post","block_context":{"text":"Similar post","link":""},"img":{"alt_text":"","src":"https:\/\/i0.wp.com\/guliverioakademija.lt\/wp-content\/uploads\/2025\/06\/DSC3123-1024x683.jpg?resize=350%2C200&ssl=1","width":350,"height":200,"srcset":"https:\/\/i0.wp.com\/guliverioakademija.lt\/wp-content\/uploads\/2025\/06\/DSC3123-1024x683.jpg?resize=350%2C200&ssl=1 1x, https:\/\/i0.wp.com\/guliverioakademija.lt\/wp-content\/uploads\/2025\/06\/DSC3123-1024x683.jpg?resize=525%2C300&ssl=1 1.5x, https:\/\/i0.wp.com\/guliverioakademija.lt\/wp-content\/uploads\/2025\/06\/DSC3123-1024x683.jpg?resize=700%2C400&ssl=1 2x"},"classes":[]},{"id":163,"url":"https:\/\/guliverioakademija.lt\/en\/programa\/","url_meta":{"origin":383,"position":1},"title":"Curriculum","author":"Jonas Gustainis","date":"2025-05-05","format":false,"excerpt":"Dvikalb\u0117 kelion\u0117 \u017einiomis \u2013 nuo Lietuvos \u0161akn\u0173 iki pasaulio horizont\u0173 Pagrindin\u0117 programaIlgiau nei numatyta Lietuvos \u0161vietimo sistemoje trunkanti \u201eGuliverio akademijos\u201d pradinio ugdymo programa suteikia tvirtus pagrindus tolesniam specializuot\u0173 dalyk\u0173 mokymuisi pagrindinio ugdymo etape.Pri\u0117mimus \u012f visas klases vykdome nuo rugs\u0117jo 1 d. arba met\u0173 eigoje, individualiai \u012fvertinus kiekvien\u0105 atvej\u012f.Pri\u0117mimai \u012f visas\u2026","rel":"","context":"Similar post","block_context":{"text":"Similar post","link":""},"img":{"alt_text":"","src":"https:\/\/i0.wp.com\/guliverioakademija.lt\/wp-content\/uploads\/2025\/05\/Screenshot-2025-05-24-at-9.23.58%E2%80%AFPM.png?resize=350%2C200&ssl=1","width":350,"height":200,"srcset":"https:\/\/i0.wp.com\/guliverioakademija.lt\/wp-content\/uploads\/2025\/05\/Screenshot-2025-05-24-at-9.23.58%E2%80%AFPM.png?resize=350%2C200&ssl=1 1x, https:\/\/i0.wp.com\/guliverioakademija.lt\/wp-content\/uploads\/2025\/05\/Screenshot-2025-05-24-at-9.23.58%E2%80%AFPM.png?resize=525%2C300&ssl=1 1.5x"},"classes":[]},{"id":147,"url":"https:\/\/guliverioakademija.lt\/en\/","url_meta":{"origin":383,"position":2},"title":"Home LT","author":"Jonas Gustainis","date":"2025-05-05","format":false,"excerpt":"Guliverio akademija - Australijos tarptautin\u0117 mokykla Vilniuje Vertyb\u0117s mus vienija, o pa\u017einimas \u012fkvepia\u201eGuliverio akademija\u201c \u2013 tai Vakar\u0173 Australijos tarptautin\u0117 mokykla Vilniuje. Tai privati mokykla, kurioje modernus po\u017ei\u016bris \u012f mokym\u0105si dera su pozityvi\u0105ja psichologija ir dvikalbiu ugdymu.Remdamiesi Tavistock\u2019o grupi\u0173 santyki\u0173 modeliu, ugdome mokini\u0173 geb\u0117jim\u0105 bendradarbiauti, stipriname emocin\u012f intelekt\u0105 ir skatiname s\u0105moningum\u0105.\u2026","rel":"","context":"Similar post","block_context":{"text":"Similar post","link":""},"img":{"alt_text":"Stephen Lee R\u016bta Gustainien\u0117 vilnius international school","src":"https:\/\/i0.wp.com\/guliverioakademija.lt\/wp-content\/uploads\/2025\/06\/direktoriai.jpg?resize=350%2C200&ssl=1","width":350,"height":200,"srcset":"https:\/\/i0.wp.com\/guliverioakademija.lt\/wp-content\/uploads\/2025\/06\/direktoriai.jpg?resize=350%2C200&ssl=1 1x, https:\/\/i0.wp.com\/guliverioakademija.lt\/wp-content\/uploads\/2025\/06\/direktoriai.jpg?resize=525%2C300&ssl=1 1.5x, https:\/\/i0.wp.com\/guliverioakademija.lt\/wp-content\/uploads\/2025\/06\/direktoriai.jpg?resize=700%2C400&ssl=1 2x"},"classes":[]},{"id":173,"url":"https:\/\/guliverioakademija.lt\/en\/metodas\/","url_meta":{"origin":383,"position":3},"title":"Method","author":"Jonas Gustainis","date":"2025-05-05","format":false,"excerpt":"Grupi\u0173 santyki\u0173 teorijaGrupi\u0173 santyki\u0173 teorija \u2013 tai studij\u0173 sritis, nagrin\u0117janti, kaip \u017emon\u0117s s\u0105veikauja grup\u0117se, kokius vaidmenis jie prisiima, kaip grup\u0117s strukt\u016bros veikia elgsen\u0105 bei kok\u012f poveik\u012f grupinis elgesys daro asmeniui ir kolektyvui. Abu m\u016bs\u0173 mokyklos vadovai studijavo Tavistock Institute (London) ir yra patyr\u0119 \u0161io modelio praktikai. Direktor\u0117 R\u016bta \u012fgijo psichoterapijos\u2026","rel":"","context":"Similar post","block_context":{"text":"Similar post","link":""},"img":{"alt_text":"","src":"","width":0,"height":0},"classes":[]},{"id":58,"url":"https:\/\/guliverioakademija.lt\/en\/vertybes\/","url_meta":{"origin":383,"position":4},"title":"Values","author":"Jonas Gustainis","date":"2025-04-01","format":false,"excerpt":"\u201eGuliverio akademijos\u201c bendruomen\u0119 jungia ai\u0161k\u016bs principai, padedantys kiekvienam mokiniui augti ir tobul\u0117ti. Remiam\u0117s Australijos ir Lietuvos kult\u016briniu paveldu \u2013 jis ugdo atkaklum\u0105, k\u016brybi\u0161kum\u0105 ir atsakomyb\u0117s jausm\u0105. Kuriame mokymosi kult\u016br\u0105, pagr\u012fst\u0105 \u0161iomis vertyb\u0117mis: PagarbaElgiam\u0117s r\u016bpestingai, nuo\u0161ird\u017eiai ir atsakingai. Gerbiame skirtingas nuomones, kuriame saugi\u0105 ir atvir\u0105 aplink\u0105, kur kiekvienas jau\u010diasi matomas ir\u2026","rel":"","context":"Similar post","block_context":{"text":"Similar post","link":""},"img":{"alt_text":"","src":"https:\/\/i0.wp.com\/guliverioakademija.lt\/wp-content\/uploads\/2025\/06\/DSC3149-1024x683.jpg?resize=350%2C200&ssl=1","width":350,"height":200,"srcset":"https:\/\/i0.wp.com\/guliverioakademija.lt\/wp-content\/uploads\/2025\/06\/DSC3149-1024x683.jpg?resize=350%2C200&ssl=1 1x, https:\/\/i0.wp.com\/guliverioakademija.lt\/wp-content\/uploads\/2025\/06\/DSC3149-1024x683.jpg?resize=525%2C300&ssl=1 1.5x, https:\/\/i0.wp.com\/guliverioakademija.lt\/wp-content\/uploads\/2025\/06\/DSC3149-1024x683.jpg?resize=700%2C400&ssl=1 2x"},"classes":[]},{"id":985,"url":"https:\/\/guliverioakademija.lt\/en\/karjera\/","url_meta":{"origin":383,"position":5},"title":"Career","author":"Jonas Gustainis","date":"2025-11-06","format":false,"excerpt":"Mokymo galimyb\u0117s Prisijunkite prie unikalios tarptautin\u0117s \u0161vietimo organizacijos, kurioje pedagogai turi galimyb\u0119 augti ir tobul\u0117ti dirbdami pagal moderni\u0105, \u012f vaik\u0105 orientuot\u0105 ir tyrimais pagr\u012fst\u0105 Australijos ugdymo sistem\u0105. M\u016bs\u0173 po\u017ei\u016bris \u012f mokym\u0105:\u2022 Moksliniais tyrimais pagr\u012fsta pedagogika, orientuota \u012f vaiko individualius geb\u0117jimus ir savaranki\u0161kum\u0105.\u2022 Dvikalbis ugdymas \u2013 lietuvi\u0173 ir angl\u0173 kalbos laikomos\u2026","rel":"","context":"Similar post","block_context":{"text":"Similar post","link":""},"img":{"alt_text":"laisvas darbo stalas - tuscia kede","src":"https:\/\/i0.wp.com\/guliverioakademija.lt\/wp-content\/uploads\/2025\/11\/DSC2637-1024x683.jpg?resize=350%2C200&ssl=1","width":350,"height":200,"srcset":"https:\/\/i0.wp.com\/guliverioakademija.lt\/wp-content\/uploads\/2025\/11\/DSC2637-1024x683.jpg?resize=350%2C200&ssl=1 1x, https:\/\/i0.wp.com\/guliverioakademija.lt\/wp-content\/uploads\/2025\/11\/DSC2637-1024x683.jpg?resize=525%2C300&ssl=1 1.5x, https:\/\/i0.wp.com\/guliverioakademija.lt\/wp-content\/uploads\/2025\/11\/DSC2637-1024x683.jpg?resize=700%2C400&ssl=1 2x"},"classes":[]}],"_links":{"self":[{"href":"https:\/\/guliverioakademija.lt\/en\/wp-json\/wp\/v2\/pages\/383","targetHints":{"allow":["GET"]}}],"collection":[{"href":"https:\/\/guliverioakademija.lt\/en\/wp-json\/wp\/v2\/pages"}],"about":[{"href":"https:\/\/guliverioakademija.lt\/en\/wp-json\/wp\/v2\/types\/page"}],"author":[{"embeddable":true,"href":"https:\/\/guliverioakademija.lt\/en\/wp-json\/wp\/v2\/users\/137966491"}],"replies":[{"embeddable":true,"href":"https:\/\/guliverioakademija.lt\/en\/wp-json\/wp\/v2\/comments?post=383"}],"version-history":[{"count":75,"href":"https:\/\/guliverioakademija.lt\/en\/wp-json\/wp\/v2\/pages\/383\/revisions"}],"predecessor-version":[{"id":971,"href":"https:\/\/guliverioakademija.lt\/en\/wp-json\/wp\/v2\/pages\/383\/revisions\/971"}],"wp:attachment":[{"href":"https:\/\/guliverioakademija.lt\/en\/wp-json\/wp\/v2\/media?parent=383"}],"curies":[{"name":"wp","href":"https:\/\/api.w.org\/{rel}","templated":true}]}}